{"id":105,"date":"2017-10-17T20:29:36","date_gmt":"2017-10-17T18:29:36","guid":{"rendered":"http:\/\/onlinerunner.de\/Site\/?page_id=105"},"modified":"2017-12-09T16:05:36","modified_gmt":"2017-12-09T15:05:36","slug":"fast","status":"publish","type":"page","link":"https:\/\/onlinerunner.de\/Site\/fast\/","title":{"rendered":"FAST"},"content":{"rendered":"<p><strong><code><div class=\"compact_audio_player_wrapper\"><div class=\"sc_player_container1\"><input type=\"button\" id=\"btnplay_69e1956323bf72.76436317\" class=\"myButton_play\" onClick=\"play_mp3('play','69e1956323bf72.76436317','http:\/\/onlinerunner.de\/Site\/wp-content\/uploads\/FAST.mp3','80','false');show_hide('play','69e1956323bf72.76436317');\" \/><input type=\"button\"  id=\"btnstop_69e1956323bf72.76436317\" style=\"display:none\" class=\"myButton_stop\" onClick=\"play_mp3('stop','69e1956323bf72.76436317','','80','false');show_hide('stop','69e1956323bf72.76436317');\" \/><div id=\"sm2-container\"><!-- flash movie ends up here --><\/div><\/div><\/div><\/code><br \/>\nFAST &#8211;\u00a0 Force Against Spiritual Terrorism<br \/>\n<\/strong><\/p>\n<p><img loading=\"lazy\" class=\"alignnone size-medium wp-image-177\" src=\"http:\/\/onlinerunner.de\/Site\/wp-content\/uploads\/FAST-300x89.jpg\" alt=\"\" width=\"300\" height=\"89\" srcset=\"https:\/\/onlinerunner.de\/Site\/wp-content\/uploads\/FAST-300x89.jpg 300w, https:\/\/onlinerunner.de\/Site\/wp-content\/uploads\/FAST-230x68.jpg 230w, https:\/\/onlinerunner.de\/Site\/wp-content\/uploads\/FAST.jpg 319w\" sizes=\"(max-width: 300px) 100vw, 300px\" \/><\/p>\n<p><em>Kurzbeschreibung:<\/em><br \/>\nEinsatzabteilung als Unterabteilung der PSUI, mit der Aufgabe aggressive spirituelle<br \/>\nPh\u00e4nomene zu bek\u00e4mpfen und zur\u00fcckzudr\u00e4ngen.<\/p>\n<p><em>Ausrichtung:<\/em><br \/>\nDie FAST Eingreiftruppe ist eine Abwehreinheit gegen Spiritualterrorismus durch<br \/>\n\u00fcbernat\u00fcrlicher Wesen und Erscheinungen. Dieser Ph\u00e4nomene zeichnen sich durch<br \/>\neine gro\u00dfe Hartn\u00e4ckigkeit und hohes Agrressivit\u00e4tspotential aus, gegen die die FAST<br \/>\nschnell und sicher durchgreifen muss.<\/p>\n<p><em>Aktueller Abteilungsleiter:<\/em><br \/>\n<i>Derek Lionel <\/i><i>O&#8217;Callaghan<\/i><\/p>\n<p><em>Aufgaben der FAST:<\/em><br \/>\n&#8211; Schnelle Eingreiftruppe bei spirituellen Ph\u00e4nomenen<br \/>\n&#8211; Bek\u00e4mpfung von massiver Aggression durch \u00fcbernat\u00fcrliche Erscheinungen und Wesenheiten<br \/>\n&#8211; Entscheidungen auf akutem PI-AC-SEC-CON<\/p>\n","protected":false},"excerpt":{"rendered":"<p>FAST &#8211;\u00a0 Force Against Spiritual Terrorism Kurzbeschreibung: Einsatzabteilung als Unterabteilung der PSUI, mit der Aufgabe aggressive spirituelle Ph\u00e4nomene zu bek\u00e4mpfen und zur\u00fcckzudr\u00e4ngen. [&hellip;]<\/p>\n","protected":false},"author":2,"featured_media":0,"parent":0,"menu_order":0,"comment_status":"closed","ping_status":"closed","template":"","meta":[],"_links":{"self":[{"href":"https:\/\/onlinerunner.de\/Site\/wp-json\/wp\/v2\/pages\/105"}],"collection":[{"href":"https:\/\/onlinerunner.de\/Site\/wp-json\/wp\/v2\/pages"}],"about":[{"href":"https:\/\/onlinerunner.de\/Site\/wp-json\/wp\/v2\/types\/page"}],"author":[{"embeddable":true,"href":"https:\/\/onlinerunner.de\/Site\/wp-json\/wp\/v2\/users\/2"}],"replies":[{"embeddable":true,"href":"https:\/\/onlinerunner.de\/Site\/wp-json\/wp\/v2\/comments?post=105"}],"version-history":[{"count":6,"href":"https:\/\/onlinerunner.de\/Site\/wp-json\/wp\/v2\/pages\/105\/revisions"}],"predecessor-version":[{"id":608,"href":"https:\/\/onlinerunner.de\/Site\/wp-json\/wp\/v2\/pages\/105\/revisions\/608"}],"wp:attachment":[{"href":"https:\/\/onlinerunner.de\/Site\/wp-json\/wp\/v2\/media?parent=105"}],"curies":[{"name":"wp","href":"https:\/\/api.w.org\/{rel}","templated":true}]}}