{"id":111,"date":"2017-10-17T20:36:14","date_gmt":"2017-10-17T18:36:14","guid":{"rendered":"http:\/\/onlinerunner.de\/Site\/?page_id=111"},"modified":"2017-12-09T16:08:48","modified_gmt":"2017-12-09T15:08:48","slug":"psa","status":"publish","type":"page","link":"https:\/\/onlinerunner.de\/Site\/psa\/","title":{"rendered":"PSA"},"content":{"rendered":"<p><strong><code><div class=\"compact_audio_player_wrapper\"><div class=\"sc_player_container1\"><input type=\"button\" id=\"btnplay_69e615cbb4bb89.84206248\" class=\"myButton_play\" onClick=\"play_mp3('play','69e615cbb4bb89.84206248','http:\/\/onlinerunner.de\/Site\/wp-content\/uploads\/PSA.mp3','80','false');show_hide('play','69e615cbb4bb89.84206248');\" \/><input type=\"button\"  id=\"btnstop_69e615cbb4bb89.84206248\" style=\"display:none\" class=\"myButton_stop\" onClick=\"play_mp3('stop','69e615cbb4bb89.84206248','','80','false');show_hide('stop','69e615cbb4bb89.84206248');\" \/><div id=\"sm2-container\"><!-- flash movie ends up here --><\/div><\/div><\/div><\/code><br \/>\nPSA &#8211; PSI Spectral Analysts<br \/>\n<\/strong><\/p>\n<p><img loading=\"lazy\" class=\"alignnone size-medium wp-image-186\" src=\"http:\/\/onlinerunner.de\/Site\/wp-content\/uploads\/PSA-300x89.jpg\" alt=\"\" width=\"300\" height=\"89\" srcset=\"https:\/\/onlinerunner.de\/Site\/wp-content\/uploads\/PSA-300x89.jpg 300w, https:\/\/onlinerunner.de\/Site\/wp-content\/uploads\/PSA-230x69.jpg 230w, https:\/\/onlinerunner.de\/Site\/wp-content\/uploads\/PSA.jpg 322w\" sizes=\"(max-width: 300px) 100vw, 300px\" \/><\/p>\n<p><em>Kurzbeschreibung:<\/em><br \/>\nEinsatzabteilung als Unterabteilung der PSUI, mit der Aufgabe aufgrund von Spektral- und<br \/>\nAura-Analysen R\u00fcckschl\u00fcsse auf zuvor aufgetretene paranormale Ph\u00e4nomene und deren Urheber zu erm\u00f6glichen.<\/p>\n<p><em>Aktueller Abteilungsleiter:<\/em><br \/>\nWerner von Zautersheim<\/p>\n<p><em>Ausrichtung:<\/em><br \/>\nDie PSA sorgt mit ihren Messungen der spektralen Erscheinungen f\u00fcr eine Klassifizierung der \u00fcbernat\u00fcrlichen<br \/>\nErscheinungen und Wesenheiten. Sie erfasst die Aura und macht diese sichtbar.<br \/>\nAls Vor-Ort-Einheit dient sie damit nicht zuletzt dem Schutz der Agenten und \u00fcberwacht das Auftreten sowie<br \/>\ndas Nachflirren von Paranormalit\u00e4t. Sie bestimmt das Risiko nach HUT.<\/p>\n<p><em>Aufgaben der PSA:<\/em><br \/>\n&#8211; Auro-Analyse und Aura-Messung<br \/>\n&#8211; Spektralanalyse<br \/>\n&#8211; Typenbestimmung<br \/>\n&#8211; Risikoeinsch\u00e4tzung<br \/>\n&#8211; Dokumentation und Messung<br \/>\n&#8211; Durchf\u00fchrung und Unterst\u00fctzung paranormaler Eins\u00e4tze aller Level<\/p>\n","protected":false},"excerpt":{"rendered":"<p>PSA &#8211; PSI Spectral Analysts Kurzbeschreibung: Einsatzabteilung als Unterabteilung der PSUI, mit der Aufgabe aufgrund von Spektral- und Aura-Analysen R\u00fcckschl\u00fcsse auf zuvor [&hellip;]<\/p>\n","protected":false},"author":2,"featured_media":0,"parent":0,"menu_order":0,"comment_status":"closed","ping_status":"closed","template":"","meta":[],"_links":{"self":[{"href":"https:\/\/onlinerunner.de\/Site\/wp-json\/wp\/v2\/pages\/111"}],"collection":[{"href":"https:\/\/onlinerunner.de\/Site\/wp-json\/wp\/v2\/pages"}],"about":[{"href":"https:\/\/onlinerunner.de\/Site\/wp-json\/wp\/v2\/types\/page"}],"author":[{"embeddable":true,"href":"https:\/\/onlinerunner.de\/Site\/wp-json\/wp\/v2\/users\/2"}],"replies":[{"embeddable":true,"href":"https:\/\/onlinerunner.de\/Site\/wp-json\/wp\/v2\/comments?post=111"}],"version-history":[{"count":10,"href":"https:\/\/onlinerunner.de\/Site\/wp-json\/wp\/v2\/pages\/111\/revisions"}],"predecessor-version":[{"id":610,"href":"https:\/\/onlinerunner.de\/Site\/wp-json\/wp\/v2\/pages\/111\/revisions\/610"}],"wp:attachment":[{"href":"https:\/\/onlinerunner.de\/Site\/wp-json\/wp\/v2\/media?parent=111"}],"curies":[{"name":"wp","href":"https:\/\/api.w.org\/{rel}","templated":true}]}}