{"id":115,"date":"2017-10-17T20:38:59","date_gmt":"2017-10-17T18:38:59","guid":{"rendered":"http:\/\/onlinerunner.de\/Site\/?page_id=115"},"modified":"2017-12-09T16:00:35","modified_gmt":"2017-12-09T15:00:35","slug":"dumm","status":"publish","type":"page","link":"https:\/\/onlinerunner.de\/Site\/dumm\/","title":{"rendered":"DUMM"},"content":{"rendered":"<p><strong><code><div class=\"compact_audio_player_wrapper\"><div class=\"sc_player_container1\"><input type=\"button\" id=\"btnplay_69e6160ad0d8a9.85030517\" class=\"myButton_play\" onClick=\"play_mp3('play','69e6160ad0d8a9.85030517','http:\/\/onlinerunner.de\/Site\/wp-content\/uploads\/DUMM.mp3','80','false');show_hide('play','69e6160ad0d8a9.85030517');\" \/><input type=\"button\"  id=\"btnstop_69e6160ad0d8a9.85030517\" style=\"display:none\" class=\"myButton_stop\" onClick=\"play_mp3('stop','69e6160ad0d8a9.85030517','','80','false');show_hide('stop','69e6160ad0d8a9.85030517');\" \/><div id=\"sm2-container\"><!-- flash movie ends up here --><\/div><\/div><\/div><\/code><br \/>\nDUMM &#8211; Documentation Unit and Multisensory Measurement<br \/>\n<\/strong><\/p>\n<p><img loading=\"lazy\" class=\"alignnone size-medium wp-image-174\" src=\"http:\/\/onlinerunner.de\/Site\/wp-content\/uploads\/DUMM-300x91.jpg\" alt=\"\" width=\"300\" height=\"91\" srcset=\"https:\/\/onlinerunner.de\/Site\/wp-content\/uploads\/DUMM-300x91.jpg 300w, https:\/\/onlinerunner.de\/Site\/wp-content\/uploads\/DUMM-230x70.jpg 230w, https:\/\/onlinerunner.de\/Site\/wp-content\/uploads\/DUMM.jpg 323w\" sizes=\"(max-width: 300px) 100vw, 300px\" \/><\/p>\n<p><em>Kurzbeschreibung:<\/em><br \/>\nEinsatzabteilung als Unterabteilung der PSUI, mit der Aufgabe spirituelle Ph\u00e4nomene<br \/>\nzu dokumentieren und zu katalogisieren sowie entsprechende Messungen vorzunehmen.<\/p>\n<p><em>Aktueller Abteilungsleiter:<br \/>\n<\/em>Masaru Takahashi \u52dd\u00a0\u00a0\u00a0\u00a0 \u9ad8\u6a4b<br \/>\n(Masaru jap. Sieg gewinnen)<\/p>\n<p><em>Ausrichtung:<\/em><br \/>\nDie DUMM ist eine Dokumentationeinheit und notiert, vermerkt und systematisiert Paranormalit\u00e4t.<br \/>\nSie sorgt zusammen mit der PSA mit ihren Messungen der spektralen Erscheinungen f\u00fcr eine Klassifizierung der \u00fcbernat\u00fcrlichen Erscheinungen und Wesenheiten<br \/>\nsowie f\u00fcr die Absicherung anderer Fieldagents durch multisensorische Messungen und Rahembedingungserfassung.<\/p>\n<p><em>Aufgaben der DUMM:<\/em><br \/>\n&#8211; Ph\u00e4nomenerfassung und Detektion<br \/>\n&#8211; Ph\u00e4nomenmessung und Strukturanalyse<br \/>\n&#8211; Typenbestimmung<br \/>\n&#8211; Risikoeinsch\u00e4tzung<br \/>\n&#8211; Dokumentation und Messung<br \/>\n&#8211; Durchf\u00fchrung und Unterst\u00fctzung paranormaler Eins\u00e4tze aller Level<\/p>\n","protected":false},"excerpt":{"rendered":"<p>DUMM &#8211; Documentation Unit and Multisensory Measurement Kurzbeschreibung: Einsatzabteilung als Unterabteilung der PSUI, mit der Aufgabe spirituelle Ph\u00e4nomene zu dokumentieren und zu [&hellip;]<\/p>\n","protected":false},"author":2,"featured_media":0,"parent":0,"menu_order":0,"comment_status":"closed","ping_status":"closed","template":"","meta":[],"_links":{"self":[{"href":"https:\/\/onlinerunner.de\/Site\/wp-json\/wp\/v2\/pages\/115"}],"collection":[{"href":"https:\/\/onlinerunner.de\/Site\/wp-json\/wp\/v2\/pages"}],"about":[{"href":"https:\/\/onlinerunner.de\/Site\/wp-json\/wp\/v2\/types\/page"}],"author":[{"embeddable":true,"href":"https:\/\/onlinerunner.de\/Site\/wp-json\/wp\/v2\/users\/2"}],"replies":[{"embeddable":true,"href":"https:\/\/onlinerunner.de\/Site\/wp-json\/wp\/v2\/comments?post=115"}],"version-history":[{"count":8,"href":"https:\/\/onlinerunner.de\/Site\/wp-json\/wp\/v2\/pages\/115\/revisions"}],"predecessor-version":[{"id":601,"href":"https:\/\/onlinerunner.de\/Site\/wp-json\/wp\/v2\/pages\/115\/revisions\/601"}],"wp:attachment":[{"href":"https:\/\/onlinerunner.de\/Site\/wp-json\/wp\/v2\/media?parent=115"}],"curies":[{"name":"wp","href":"https:\/\/api.w.org\/{rel}","templated":true}]}}