{"id":118,"date":"2017-10-17T20:39:08","date_gmt":"2017-10-17T18:39:08","guid":{"rendered":"http:\/\/onlinerunner.de\/Site\/?page_id=118"},"modified":"2017-12-09T16:01:49","modified_gmt":"2017-12-09T15:01:49","slug":"graf","status":"publish","type":"page","link":"https:\/\/onlinerunner.de\/Site\/graf\/","title":{"rendered":"GRAF"},"content":{"rendered":"<p><strong><code><div class=\"compact_audio_player_wrapper\"><div class=\"sc_player_container1\"><input type=\"button\" id=\"btnplay_69e6182116c1a3.23146914\" class=\"myButton_play\" onClick=\"play_mp3('play','69e6182116c1a3.23146914','http:\/\/onlinerunner.de\/Site\/wp-content\/uploads\/GRAF.mp3','80','false');show_hide('play','69e6182116c1a3.23146914');\" \/><input type=\"button\"  id=\"btnstop_69e6182116c1a3.23146914\" style=\"display:none\" class=\"myButton_stop\" onClick=\"play_mp3('stop','69e6182116c1a3.23146914','','80','false');show_hide('stop','69e6182116c1a3.23146914');\" \/><div id=\"sm2-container\"><!-- flash movie ends up here --><\/div><\/div><\/div><\/code><br \/>\nGRAF &#8211; Group for Recording of Audible Frequencies<br \/>\n<\/strong><\/p>\n<p><img loading=\"lazy\" class=\"alignnone size-medium wp-image-169\" src=\"http:\/\/onlinerunner.de\/Site\/wp-content\/uploads\/GRAF-300x90.jpg\" alt=\"\" width=\"300\" height=\"90\" srcset=\"https:\/\/onlinerunner.de\/Site\/wp-content\/uploads\/GRAF-300x90.jpg 300w, https:\/\/onlinerunner.de\/Site\/wp-content\/uploads\/GRAF-230x69.jpg 230w, https:\/\/onlinerunner.de\/Site\/wp-content\/uploads\/GRAF.jpg 326w\" sizes=\"(max-width: 300px) 100vw, 300px\" \/><\/p>\n<p><em>Kurzbeschreibung:<\/em><br \/>\nEinsatzabteilung als Unterabteilung der PSUI, mit der Aufgabe Ger\u00e4usche und Kommunikation<br \/>\nparanormaler Wesen mittels Audio-Analysen systematisch zu untersuchen.<\/p>\n<p><i>Aktueller Abteilungsleiter:<br \/>\n<\/i>Marisol M\u00e9ndez S\u00e1nchez<\/p>\n<p><em>Ausrichtung:<\/em><br \/>\nDie GRAF ist eine Dokumentationeinheit, die auf Aufnahmen und auditive Erfassung<br \/>\nund Analyse ausgerichtet ist und dazu modernste Technik einsetzt, um Ger\u00e4usche zu erfassen,<br \/>\nzu filtern und Kommunikation mit paranormalen Wesenheiten zu erm\u00f6glichen.<br \/>\nDabei kommen Frequenzanalysen und auch Eigenger\u00e4uscherstellung zum Einsatz.<\/p>\n<p><em>Aufgaben der GRAF:<\/em><br \/>\n&#8211; Ph\u00e4nomenerfassung und Detektion<br \/>\n&#8211; Audiovermessung und Kommunikationsanalyse<br \/>\n&#8211; Frequenzanalyse<br \/>\n&#8211; Typenbestimmung<br \/>\n&#8211; Risikoeinsch\u00e4tzung<br \/>\n&#8211; Dokumentation und Messung<br \/>\n&#8211; Durchf\u00fchrung und Unterst\u00fctzung paranormaler Eins\u00e4tze aller Level<\/p>\n","protected":false},"excerpt":{"rendered":"<p>GRAF &#8211; Group for Recording of Audible Frequencies Kurzbeschreibung: Einsatzabteilung als Unterabteilung der PSUI, mit der Aufgabe Ger\u00e4usche und Kommunikation paranormaler Wesen [&hellip;]<\/p>\n","protected":false},"author":2,"featured_media":0,"parent":0,"menu_order":0,"comment_status":"closed","ping_status":"closed","template":"","meta":[],"_links":{"self":[{"href":"https:\/\/onlinerunner.de\/Site\/wp-json\/wp\/v2\/pages\/118"}],"collection":[{"href":"https:\/\/onlinerunner.de\/Site\/wp-json\/wp\/v2\/pages"}],"about":[{"href":"https:\/\/onlinerunner.de\/Site\/wp-json\/wp\/v2\/types\/page"}],"author":[{"embeddable":true,"href":"https:\/\/onlinerunner.de\/Site\/wp-json\/wp\/v2\/users\/2"}],"replies":[{"embeddable":true,"href":"https:\/\/onlinerunner.de\/Site\/wp-json\/wp\/v2\/comments?post=118"}],"version-history":[{"count":10,"href":"https:\/\/onlinerunner.de\/Site\/wp-json\/wp\/v2\/pages\/118\/revisions"}],"predecessor-version":[{"id":603,"href":"https:\/\/onlinerunner.de\/Site\/wp-json\/wp\/v2\/pages\/118\/revisions\/603"}],"wp:attachment":[{"href":"https:\/\/onlinerunner.de\/Site\/wp-json\/wp\/v2\/media?parent=118"}],"curies":[{"name":"wp","href":"https:\/\/api.w.org\/{rel}","templated":true}]}}