{"id":124,"date":"2017-10-17T20:39:28","date_gmt":"2017-10-17T18:39:28","guid":{"rendered":"http:\/\/onlinerunner.de\/Site\/?page_id=124"},"modified":"2017-12-09T16:04:46","modified_gmt":"2017-12-09T15:04:46","slug":"snapit","status":"publish","type":"page","link":"https:\/\/onlinerunner.de\/Site\/snapit\/","title":{"rendered":"SNAPIT"},"content":{"rendered":"<p><strong><code><div class=\"compact_audio_player_wrapper\"><div class=\"sc_player_container1\"><input type=\"button\" id=\"btnplay_69e6160a64e2e5.88909744\" class=\"myButton_play\" onClick=\"play_mp3('play','69e6160a64e2e5.88909744','http:\/\/onlinerunner.de\/Site\/wp-content\/uploads\/SNAPIT.mp3','80','false');show_hide('play','69e6160a64e2e5.88909744');\" \/><input type=\"button\"  id=\"btnstop_69e6160a64e2e5.88909744\" style=\"display:none\" class=\"myButton_stop\" onClick=\"play_mp3('stop','69e6160a64e2e5.88909744','','80','false');show_hide('stop','69e6160a64e2e5.88909744');\" \/><div id=\"sm2-container\"><!-- flash movie ends up here --><\/div><\/div><\/div><\/code><br \/>\nSNAPIT &#8211; Supernatural Presence Investigation Task Force<br \/>\n<\/strong><\/p>\n<p><img loading=\"lazy\" class=\"alignnone size-medium wp-image-183\" src=\"http:\/\/onlinerunner.de\/Site\/wp-content\/uploads\/SNAPIT-300x89.jpg\" alt=\"\" width=\"300\" height=\"89\" srcset=\"https:\/\/onlinerunner.de\/Site\/wp-content\/uploads\/SNAPIT-300x89.jpg 300w, https:\/\/onlinerunner.de\/Site\/wp-content\/uploads\/SNAPIT-230x68.jpg 230w, https:\/\/onlinerunner.de\/Site\/wp-content\/uploads\/SNAPIT.jpg 325w\" sizes=\"(max-width: 300px) 100vw, 300px\" \/><\/p>\n<p><em>Kurzbeschreibung:<\/em><br \/>\nEinsatzabteilung als Unterabteilung der PSUI, mit der Aufgabe sich als schnelle Eingreiftruppe unmittelbar<br \/>\nzu \u00fcbernat\u00fcrlichen Erscheinungen und Wesenheiten in den Weg zu stellen, diese auf Risikopotential zu<br \/>\nbeurteilen und ggf. unsch\u00e4dlich zu machen.<\/p>\n<p><em>Aktueller Abteilungsleiter:<\/em><i><br \/>\n<\/i>Gerome McLachlan<\/p>\n<p><em>Ausrichtung:<\/em><br \/>\nDie SNAPIT ist eine Einsatz- und Dokumentationeinheit, die sich unmittelbar mit der Kommunikation und der<br \/>\nBek\u00e4mpfung von \u00fcbernat\u00fcrlichen Erscheinungen und Wesenheiten besch\u00e4ftigt.<br \/>\nSie ist die Einheit mit der h\u00f6chsten Agenten-Sterbequote der PI und ist in akuten Notf\u00e4llen gemeinsam<br \/>\nmit der FAST eine schnelle Eingreiftruppe.<\/p>\n<p><em>Aufgaben der SNAPIT:<\/em><br \/>\n&#8211; Ph\u00e4nomensicherung<br \/>\n&#8211; Ph\u00e4nomenbek\u00e4mpfung<br \/>\n&#8211; Absicherung der Gesellschaft und \u00d6ffentlichkeitsicherung<br \/>\n&#8211; Risikoeinsch\u00e4tzung<br \/>\n&#8211; Durchf\u00fchrung paranormaler Eins\u00e4tze aller Level<\/p>\n","protected":false},"excerpt":{"rendered":"<p>SNAPIT &#8211; Supernatural Presence Investigation Task Force Kurzbeschreibung: Einsatzabteilung als Unterabteilung der PSUI, mit der Aufgabe sich als schnelle Eingreiftruppe unmittelbar zu [&hellip;]<\/p>\n","protected":false},"author":2,"featured_media":0,"parent":0,"menu_order":0,"comment_status":"closed","ping_status":"closed","template":"","meta":[],"_links":{"self":[{"href":"https:\/\/onlinerunner.de\/Site\/wp-json\/wp\/v2\/pages\/124"}],"collection":[{"href":"https:\/\/onlinerunner.de\/Site\/wp-json\/wp\/v2\/pages"}],"about":[{"href":"https:\/\/onlinerunner.de\/Site\/wp-json\/wp\/v2\/types\/page"}],"author":[{"embeddable":true,"href":"https:\/\/onlinerunner.de\/Site\/wp-json\/wp\/v2\/users\/2"}],"replies":[{"embeddable":true,"href":"https:\/\/onlinerunner.de\/Site\/wp-json\/wp\/v2\/comments?post=124"}],"version-history":[{"count":8,"href":"https:\/\/onlinerunner.de\/Site\/wp-json\/wp\/v2\/pages\/124\/revisions"}],"predecessor-version":[{"id":607,"href":"https:\/\/onlinerunner.de\/Site\/wp-json\/wp\/v2\/pages\/124\/revisions\/607"}],"wp:attachment":[{"href":"https:\/\/onlinerunner.de\/Site\/wp-json\/wp\/v2\/media?parent=124"}],"curies":[{"name":"wp","href":"https:\/\/api.w.org\/{rel}","templated":true}]}}