{"id":136,"date":"2017-10-17T20:40:06","date_gmt":"2017-10-17T18:40:06","guid":{"rendered":"http:\/\/onlinerunner.de\/Site\/?page_id=136"},"modified":"2017-12-09T15:33:01","modified_gmt":"2017-12-09T14:33:01","slug":"cmrdmgqqmt","status":"publish","type":"page","link":"https:\/\/onlinerunner.de\/Site\/cmrdmgqqmt\/","title":{"rendered":"CMRDMGQQMT"},"content":{"rendered":"<p><code><div class=\"compact_audio_player_wrapper\"><div class=\"sc_player_container1\"><input type=\"button\" id=\"btnplay_69e61b27c7bbc3.67024324\" class=\"myButton_play\" onClick=\"play_mp3('play','69e61b27c7bbc3.67024324','http:\/\/onlinerunner.de\/Site\/wp-content\/uploads\/CMRDMGQQMT.mp3','80','false');show_hide('play','69e61b27c7bbc3.67024324');\" \/><input type=\"button\"  id=\"btnstop_69e61b27c7bbc3.67024324\" style=\"display:none\" class=\"myButton_stop\" onClick=\"play_mp3('stop','69e61b27c7bbc3.67024324','','80','false');show_hide('stop','69e61b27c7bbc3.67024324');\" \/><div id=\"sm2-container\"><!-- flash movie ends up here --><\/div><\/div><\/div><\/code><\/p>\n<p><strong>CMRDMGQQMT &#8211; Classified Material Research, Development, and Maintenance Group for Qualitative and Quantitative Material Testing<br \/>\n<\/strong><\/p>\n<p><img loading=\"lazy\" class=\"alignnone size-medium wp-image-171\" src=\"http:\/\/onlinerunner.de\/Site\/wp-content\/uploads\/CMRDMGQQMT-300x106.jpg\" alt=\"\" width=\"300\" height=\"106\" srcset=\"https:\/\/onlinerunner.de\/Site\/wp-content\/uploads\/CMRDMGQQMT-300x106.jpg 300w, https:\/\/onlinerunner.de\/Site\/wp-content\/uploads\/CMRDMGQQMT-230x82.jpg 230w, https:\/\/onlinerunner.de\/Site\/wp-content\/uploads\/CMRDMGQQMT.jpg 330w\" sizes=\"(max-width: 300px) 100vw, 300px\" \/><\/p>\n<p><em>Kurzbeschreibung:<\/em><br \/>\nAbteilung f\u00fcr Materialentwicklung und Materialtests.<\/p>\n<p><em>Ausrichtung:<\/em><br \/>\nDie CMRDMGQQMT dient der Unterst\u00fctzung der FieldAgents durch hervorragende einzigartige Materialien. Dazu geh\u00f6ren Entwicklung, testen und Zurverf\u00fcgungstellung von Equipment.<\/p>\n<p><em>Aufgaben des CPRG:<\/em><br \/>\n&#8211; qualitative Materialitests<br \/>\n&#8211; quantitative Materialtests<br \/>\n&#8211; Einweisung in Materialien und Equipment<br \/>\n&#8211; Zusammenarbeit mit der Versicherung f\u00fcr Equipment<\/p>\n","protected":false},"excerpt":{"rendered":"<p>CMRDMGQQMT &#8211; Classified Material Research, Development, and Maintenance Group for Qualitative and Quantitative Material Testing Kurzbeschreibung: Abteilung f\u00fcr Materialentwicklung und Materialtests. Ausrichtung: [&hellip;]<\/p>\n","protected":false},"author":2,"featured_media":0,"parent":0,"menu_order":0,"comment_status":"closed","ping_status":"closed","template":"","meta":[],"_links":{"self":[{"href":"https:\/\/onlinerunner.de\/Site\/wp-json\/wp\/v2\/pages\/136"}],"collection":[{"href":"https:\/\/onlinerunner.de\/Site\/wp-json\/wp\/v2\/pages"}],"about":[{"href":"https:\/\/onlinerunner.de\/Site\/wp-json\/wp\/v2\/types\/page"}],"author":[{"embeddable":true,"href":"https:\/\/onlinerunner.de\/Site\/wp-json\/wp\/v2\/users\/2"}],"replies":[{"embeddable":true,"href":"https:\/\/onlinerunner.de\/Site\/wp-json\/wp\/v2\/comments?post=136"}],"version-history":[{"count":7,"href":"https:\/\/onlinerunner.de\/Site\/wp-json\/wp\/v2\/pages\/136\/revisions"}],"predecessor-version":[{"id":583,"href":"https:\/\/onlinerunner.de\/Site\/wp-json\/wp\/v2\/pages\/136\/revisions\/583"}],"wp:attachment":[{"href":"https:\/\/onlinerunner.de\/Site\/wp-json\/wp\/v2\/media?parent=136"}],"curies":[{"name":"wp","href":"https:\/\/api.w.org\/{rel}","templated":true}]}}