{"id":139,"date":"2017-10-17T20:40:18","date_gmt":"2017-10-17T18:40:18","guid":{"rendered":"http:\/\/onlinerunner.de\/Site\/?page_id=139"},"modified":"2017-12-09T15:38:50","modified_gmt":"2017-12-09T14:38:50","slug":"fat","status":"publish","type":"page","link":"https:\/\/onlinerunner.de\/Site\/fat\/","title":{"rendered":"FAT"},"content":{"rendered":"<p><strong><code><div class=\"compact_audio_player_wrapper\"><div class=\"sc_player_container1\"><input type=\"button\" id=\"btnplay_69e61609e6f870.42492781\" class=\"myButton_play\" onClick=\"play_mp3('play','69e61609e6f870.42492781','http:\/\/onlinerunner.de\/Site\/wp-content\/uploads\/FAT.mp3','80','false');show_hide('play','69e61609e6f870.42492781');\" \/><input type=\"button\"  id=\"btnstop_69e61609e6f870.42492781\" style=\"display:none\" class=\"myButton_stop\" onClick=\"play_mp3('stop','69e61609e6f870.42492781','','80','false');show_hide('stop','69e61609e6f870.42492781');\" \/><div id=\"sm2-container\"><!-- flash movie ends up here --><\/div><\/div><\/div><\/code><br \/>\nFAT &#8211;\u00a0 Food Analysis Team<br \/>\n<\/strong><\/p>\n<p><img loading=\"lazy\" class=\"alignnone size-medium wp-image-178\" src=\"http:\/\/onlinerunner.de\/Site\/wp-content\/uploads\/FAT-300x93.jpg\" alt=\"\" width=\"300\" height=\"93\" srcset=\"https:\/\/onlinerunner.de\/Site\/wp-content\/uploads\/FAT-300x93.jpg 300w, https:\/\/onlinerunner.de\/Site\/wp-content\/uploads\/FAT-230x71.jpg 230w, https:\/\/onlinerunner.de\/Site\/wp-content\/uploads\/FAT.jpg 324w\" sizes=\"(max-width: 300px) 100vw, 300px\" \/><\/p>\n<p><em>Kurzbeschreibung:<\/em><br \/>\nAnalytische Abteilung als Unterabteilung der ALU, mit der Aufgabe der Untersuchung der Nahrung von<br \/>\nspirituellen Erscheinungen, paranormalen Wesen sowie der Nahrung in der gro\u00dfen Mensa sowie der Kantinen der PI.<\/p>\n<p><em>Ausrichtung:<\/em><br \/>\nDie FAT sorgt f\u00fcr das kulinarische Wohl der Agenten und analysiert zudem die Nahrung der spirituellen Ph\u00e4nomene, welche die Agenten zu bek\u00e4mpfen und zur\u00fcckzudr\u00e4ngen haben.<\/p>\n<p><em>Aufgaben der FAT:<\/em><br \/>\n&#8211; Nahrungsanalyse<br \/>\n&#8211; Aufsicht \u00fcber und Umsetzung von PI Mensa und Kantinen<br \/>\n&#8211; Entscheidungen auf akutem PI-AC-SEC-CON<\/p>\n","protected":false},"excerpt":{"rendered":"<p>FAT &#8211;\u00a0 Food Analysis Team Kurzbeschreibung: Analytische Abteilung als Unterabteilung der ALU, mit der Aufgabe der Untersuchung der Nahrung von spirituellen Erscheinungen, [&hellip;]<\/p>\n","protected":false},"author":2,"featured_media":0,"parent":0,"menu_order":0,"comment_status":"closed","ping_status":"closed","template":"","meta":[],"_links":{"self":[{"href":"https:\/\/onlinerunner.de\/Site\/wp-json\/wp\/v2\/pages\/139"}],"collection":[{"href":"https:\/\/onlinerunner.de\/Site\/wp-json\/wp\/v2\/pages"}],"about":[{"href":"https:\/\/onlinerunner.de\/Site\/wp-json\/wp\/v2\/types\/page"}],"author":[{"embeddable":true,"href":"https:\/\/onlinerunner.de\/Site\/wp-json\/wp\/v2\/users\/2"}],"replies":[{"embeddable":true,"href":"https:\/\/onlinerunner.de\/Site\/wp-json\/wp\/v2\/comments?post=139"}],"version-history":[{"count":7,"href":"https:\/\/onlinerunner.de\/Site\/wp-json\/wp\/v2\/pages\/139\/revisions"}],"predecessor-version":[{"id":588,"href":"https:\/\/onlinerunner.de\/Site\/wp-json\/wp\/v2\/pages\/139\/revisions\/588"}],"wp:attachment":[{"href":"https:\/\/onlinerunner.de\/Site\/wp-json\/wp\/v2\/media?parent=139"}],"curies":[{"name":"wp","href":"https:\/\/api.w.org\/{rel}","templated":true}]}}