{"id":142,"date":"2017-10-17T20:40:29","date_gmt":"2017-10-17T18:40:29","guid":{"rendered":"http:\/\/onlinerunner.de\/Site\/?page_id=142"},"modified":"2017-12-09T15:46:39","modified_gmt":"2017-12-09T14:46:39","slug":"pimp","status":"publish","type":"page","link":"https:\/\/onlinerunner.de\/Site\/pimp\/","title":{"rendered":"PIMP"},"content":{"rendered":"<p><strong><code><div class=\"compact_audio_player_wrapper\"><div class=\"sc_player_container1\"><input type=\"button\" id=\"btnplay_69e617f986db72.01271272\" class=\"myButton_play\" onClick=\"play_mp3('play','69e617f986db72.01271272','http:\/\/onlinerunner.de\/Site\/wp-content\/uploads\/PIMP.mp3','80','false');show_hide('play','69e617f986db72.01271272');\" \/><input type=\"button\"  id=\"btnstop_69e617f986db72.01271272\" style=\"display:none\" class=\"myButton_stop\" onClick=\"play_mp3('stop','69e617f986db72.01271272','','80','false');show_hide('stop','69e617f986db72.01271272');\" \/><div id=\"sm2-container\"><!-- flash movie ends up here --><\/div><\/div><\/div><\/code><br \/>\nPIMP &#8211;\u00a0 Political Intervention Management Processes<br \/>\n<\/strong><\/p>\n<p><img loading=\"lazy\" class=\"alignnone size-medium wp-image-185\" src=\"http:\/\/onlinerunner.de\/Site\/wp-content\/uploads\/PIMP-300x89.jpg\" alt=\"\" width=\"300\" height=\"89\" srcset=\"https:\/\/onlinerunner.de\/Site\/wp-content\/uploads\/PIMP-300x89.jpg 300w, https:\/\/onlinerunner.de\/Site\/wp-content\/uploads\/PIMP-230x68.jpg 230w, https:\/\/onlinerunner.de\/Site\/wp-content\/uploads\/PIMP.jpg 323w\" sizes=\"(max-width: 300px) 100vw, 300px\" \/><\/p>\n<p><em>Kurzbeschreibung:<\/em><br \/>\n\u00d6ffentlichkeitsarbeitsabteilung als Unterabteilung der CPRG, mit der Aufgabe der Beeinflussung<br \/>\nvon politischen Entscheidungen und Regierungen zur Geheimhaltung paranormaler Ph\u00e4nomene.<\/p>\n<p><em>Ausrichtung:<\/em><br \/>\nDie PIMP ist f\u00fcr die Infiltrierung von Regierungen, Staaten und Regionen auf politischer Ebene zust\u00e4ndig.<br \/>\nSie betreibt Lobbyismus f\u00fcr die Abwehr der Paranormalit\u00e4t und unterst\u00fctzt aktiv die Verschleierung paranormaler<br \/>\nAktivit\u00e4ten. Sie unterst\u00fctzt die politische \u00d6ffentlichkeit bei Verschleierungstaktiken und erstellt gro\u00dfangelegte Lug-Konstruktionen.<\/p>\n<p><em>Aufgaben der PIMP:<\/em><br \/>\n&#8211; Verschleirungstakikten<br \/>\n&#8211; Politische Inflitrierung<br \/>\n&#8211; Lobbyismus<br \/>\n&#8211; Aktive Entscheidungsbeeinflussung bei hochrangigen PI-AC-SEC-CON Aktivit\u00e4ten<\/p>\n","protected":false},"excerpt":{"rendered":"<p>PIMP &#8211;\u00a0 Political Intervention Management Processes Kurzbeschreibung: \u00d6ffentlichkeitsarbeitsabteilung als Unterabteilung der CPRG, mit der Aufgabe der Beeinflussung von politischen Entscheidungen und Regierungen [&hellip;]<\/p>\n","protected":false},"author":2,"featured_media":0,"parent":0,"menu_order":0,"comment_status":"closed","ping_status":"closed","template":"","meta":[],"_links":{"self":[{"href":"https:\/\/onlinerunner.de\/Site\/wp-json\/wp\/v2\/pages\/142"}],"collection":[{"href":"https:\/\/onlinerunner.de\/Site\/wp-json\/wp\/v2\/pages"}],"about":[{"href":"https:\/\/onlinerunner.de\/Site\/wp-json\/wp\/v2\/types\/page"}],"author":[{"embeddable":true,"href":"https:\/\/onlinerunner.de\/Site\/wp-json\/wp\/v2\/users\/2"}],"replies":[{"embeddable":true,"href":"https:\/\/onlinerunner.de\/Site\/wp-json\/wp\/v2\/comments?post=142"}],"version-history":[{"count":7,"href":"https:\/\/onlinerunner.de\/Site\/wp-json\/wp\/v2\/pages\/142\/revisions"}],"predecessor-version":[{"id":594,"href":"https:\/\/onlinerunner.de\/Site\/wp-json\/wp\/v2\/pages\/142\/revisions\/594"}],"wp:attachment":[{"href":"https:\/\/onlinerunner.de\/Site\/wp-json\/wp\/v2\/media?parent=142"}],"curies":[{"name":"wp","href":"https:\/\/api.w.org\/{rel}","templated":true}]}}