{"id":151,"date":"2017-10-17T20:41:02","date_gmt":"2017-10-17T18:41:02","guid":{"rendered":"http:\/\/onlinerunner.de\/Site\/?page_id=151"},"modified":"2017-12-09T15:44:38","modified_gmt":"2017-12-09T14:44:38","slug":"maf","status":"publish","type":"page","link":"https:\/\/onlinerunner.de\/Site\/maf\/","title":{"rendered":"MAF"},"content":{"rendered":"<p><strong><code><div class=\"compact_audio_player_wrapper\"><div class=\"sc_player_container1\"><input type=\"button\" id=\"btnplay_69e617b707ec01.61740836\" class=\"myButton_play\" onClick=\"play_mp3('play','69e617b707ec01.61740836','http:\/\/onlinerunner.de\/Site\/wp-content\/uploads\/MAF.mp3','80','false');show_hide('play','69e617b707ec01.61740836');\" \/><input type=\"button\"  id=\"btnstop_69e617b707ec01.61740836\" style=\"display:none\" class=\"myButton_stop\" onClick=\"play_mp3('stop','69e617b707ec01.61740836','','80','false');show_hide('stop','69e617b707ec01.61740836');\" \/><div id=\"sm2-container\"><!-- flash movie ends up here --><\/div><\/div><\/div><\/code><br \/>\nMAF-\u00a0 Multinational Accounting and Finance<br \/>\n<\/strong><\/p>\n<p><img loading=\"lazy\" class=\"alignnone size-medium wp-image-181\" src=\"http:\/\/onlinerunner.de\/Site\/wp-content\/uploads\/MAF-300x90.jpg\" alt=\"\" width=\"300\" height=\"90\" srcset=\"https:\/\/onlinerunner.de\/Site\/wp-content\/uploads\/MAF-300x90.jpg 300w, https:\/\/onlinerunner.de\/Site\/wp-content\/uploads\/MAF-230x69.jpg 230w, https:\/\/onlinerunner.de\/Site\/wp-content\/uploads\/MAF.jpg 321w\" sizes=\"(max-width: 300px) 100vw, 300px\" \/><\/p>\n<p><em>Kurzbeschreibung:<\/em><br \/>\nVerwaltungsabteilung als Unterabteilung der GPA, mit der Aufgabe Finanzierung und Rechnungslegung der PI zu organisieren und umzusetzen.<\/p>\n<p><em>Ausrichtung:<\/em><br \/>\nEinheitliche den Grunds\u00e4tzen ordnungsgem\u00e4\u00dfer Buchf\u00fchrung entsprechende Abrechung<br \/>\nist f\u00fcr die PI zwingend.<br \/>\nHiermit kann Rechenschaft abgelegt werden und die Finanzstr\u00f6me k\u00f6nnen nachvollzogen werden.<br \/>\nEins\u00e4tze sind zu finanzieren und auch Personalausgaben und Materialausgaben zu belegen.<\/p>\n<p><em>Aufgaben der MAF:<\/em><br \/>\n&#8211; Abrechnung<br \/>\n&#8211; Finanzierung<\/p>\n","protected":false},"excerpt":{"rendered":"<p>MAF-\u00a0 Multinational Accounting and Finance Kurzbeschreibung: Verwaltungsabteilung als Unterabteilung der GPA, mit der Aufgabe Finanzierung und Rechnungslegung der PI zu organisieren und [&hellip;]<\/p>\n","protected":false},"author":2,"featured_media":0,"parent":0,"menu_order":0,"comment_status":"closed","ping_status":"closed","template":"","meta":[],"_links":{"self":[{"href":"https:\/\/onlinerunner.de\/Site\/wp-json\/wp\/v2\/pages\/151"}],"collection":[{"href":"https:\/\/onlinerunner.de\/Site\/wp-json\/wp\/v2\/pages"}],"about":[{"href":"https:\/\/onlinerunner.de\/Site\/wp-json\/wp\/v2\/types\/page"}],"author":[{"embeddable":true,"href":"https:\/\/onlinerunner.de\/Site\/wp-json\/wp\/v2\/users\/2"}],"replies":[{"embeddable":true,"href":"https:\/\/onlinerunner.de\/Site\/wp-json\/wp\/v2\/comments?post=151"}],"version-history":[{"count":6,"href":"https:\/\/onlinerunner.de\/Site\/wp-json\/wp\/v2\/pages\/151\/revisions"}],"predecessor-version":[{"id":593,"href":"https:\/\/onlinerunner.de\/Site\/wp-json\/wp\/v2\/pages\/151\/revisions\/593"}],"wp:attachment":[{"href":"https:\/\/onlinerunner.de\/Site\/wp-json\/wp\/v2\/media?parent=151"}],"curies":[{"name":"wp","href":"https:\/\/api.w.org\/{rel}","templated":true}]}}