{"id":154,"date":"2017-10-17T20:41:11","date_gmt":"2017-10-17T18:41:11","guid":{"rendered":"http:\/\/onlinerunner.de\/Site\/?page_id=154"},"modified":"2017-12-09T15:52:09","modified_gmt":"2017-12-09T14:52:09","slug":"sm","status":"publish","type":"page","link":"https:\/\/onlinerunner.de\/Site\/sm\/","title":{"rendered":"SM"},"content":{"rendered":"<p><strong><code><div class=\"compact_audio_player_wrapper\"><div class=\"sc_player_container1\"><input type=\"button\" id=\"btnplay_69e615e10bf3c9.83322969\" class=\"myButton_play\" onClick=\"play_mp3('play','69e615e10bf3c9.83322969','http:\/\/onlinerunner.de\/Site\/wp-content\/uploads\/SM.mp3','80','false');show_hide('play','69e615e10bf3c9.83322969');\" \/><input type=\"button\"  id=\"btnstop_69e615e10bf3c9.83322969\" style=\"display:none\" class=\"myButton_stop\" onClick=\"play_mp3('stop','69e615e10bf3c9.83322969','','80','false');show_hide('stop','69e615e10bf3c9.83322969');\" \/><div id=\"sm2-container\"><!-- flash movie ends up here --><\/div><\/div><\/div><\/code><br \/>\nSM &#8211;\u00a0 Standardized Material<br \/>\n<\/strong><\/p>\n<p><img loading=\"lazy\" class=\"alignnone size-medium wp-image-182\" src=\"http:\/\/onlinerunner.de\/Site\/wp-content\/uploads\/SM-300x90.jpg\" alt=\"\" width=\"300\" height=\"90\" srcset=\"https:\/\/onlinerunner.de\/Site\/wp-content\/uploads\/SM-300x90.jpg 300w, https:\/\/onlinerunner.de\/Site\/wp-content\/uploads\/SM-230x69.jpg 230w, https:\/\/onlinerunner.de\/Site\/wp-content\/uploads\/SM.jpg 322w\" sizes=\"(max-width: 300px) 100vw, 300px\" \/><\/p>\n<p><em>Kurzbeschreibung:<\/em><br \/>\nVerwaltungsabteilung als Unterabteilung der GPA, mit der Aufgabe PSIU Agenten mit standardisiertem<br \/>\nPI Materialien zur Bek\u00e4mpfung von \u00fcbernat\u00fcrlichen Ph\u00e4nomenen auszustatten und ad\u00e4quate<br \/>\nMaterialbeschaffung, -nutzung und -verwaltung sicher zu stellen.<\/p>\n<p><em>Ausrichtung:<\/em><br \/>\nAd\u00e4quates Material und hochmoderne Ausr\u00fcstungsgegenst\u00e4nde sind f\u00fcr PI-Field-Agents von<br \/>\nbesonderer Bedeutung. Einheitliches Design und standardisierte Handhabung sind oftmals<br \/>\nlebensrettend und haben daher enorm hohe Bedeutung.<br \/>\nDie SM ist f\u00fcr die Gestaltung, Beschaffung und Nutzung von Materialien in allen Lagen<br \/>\nund aus allen Rohstoffen verantwortlich.<\/p>\n<p><em>Aufgaben der SM:<\/em><br \/>\n&#8211; Matrialbeschaffung, -nutzung und -verwaltung<br \/>\n&#8211; Materiallogistik<br \/>\n&#8211; Kooperation mit der QMRDMGQQMT<br \/>\n&#8211; Unterst\u00fctzung von Eins\u00e4tzen auf allen PI-AC-SEC-CON Levels und\u00a0 allen HUT-Levels<\/p>\n","protected":false},"excerpt":{"rendered":"<p>SM &#8211;\u00a0 Standardized Material Kurzbeschreibung: Verwaltungsabteilung als Unterabteilung der GPA, mit der Aufgabe PSIU Agenten mit standardisiertem PI Materialien zur Bek\u00e4mpfung von [&hellip;]<\/p>\n","protected":false},"author":2,"featured_media":0,"parent":0,"menu_order":0,"comment_status":"closed","ping_status":"closed","template":"","meta":[],"_links":{"self":[{"href":"https:\/\/onlinerunner.de\/Site\/wp-json\/wp\/v2\/pages\/154"}],"collection":[{"href":"https:\/\/onlinerunner.de\/Site\/wp-json\/wp\/v2\/pages"}],"about":[{"href":"https:\/\/onlinerunner.de\/Site\/wp-json\/wp\/v2\/types\/page"}],"author":[{"embeddable":true,"href":"https:\/\/onlinerunner.de\/Site\/wp-json\/wp\/v2\/users\/2"}],"replies":[{"embeddable":true,"href":"https:\/\/onlinerunner.de\/Site\/wp-json\/wp\/v2\/comments?post=154"}],"version-history":[{"count":8,"href":"https:\/\/onlinerunner.de\/Site\/wp-json\/wp\/v2\/pages\/154\/revisions"}],"predecessor-version":[{"id":598,"href":"https:\/\/onlinerunner.de\/Site\/wp-json\/wp\/v2\/pages\/154\/revisions\/598"}],"wp:attachment":[{"href":"https:\/\/onlinerunner.de\/Site\/wp-json\/wp\/v2\/media?parent=154"}],"curies":[{"name":"wp","href":"https:\/\/api.w.org\/{rel}","templated":true}]}}