{"id":377,"date":"2017-11-05T19:02:32","date_gmt":"2017-11-05T18:02:32","guid":{"rendered":"http:\/\/onlinerunner.de\/Site\/?page_id=377"},"modified":"2017-12-09T15:09:08","modified_gmt":"2017-12-09T14:09:08","slug":"psi-%cf%88-%cf%88","status":"publish","type":"page","link":"https:\/\/onlinerunner.de\/Site\/psi-%cf%88-%cf%88\/","title":{"rendered":"PSI &#8211;  \u03a8, \u03c8"},"content":{"rendered":"<p><img loading=\"lazy\" class=\"alignnone wp-image-329\" src=\"http:\/\/onlinerunner.de\/Site\/wp-content\/uploads\/cropped-PI-3-1-300x300.jpg\" alt=\"\" width=\"88\" height=\"88\" srcset=\"https:\/\/onlinerunner.de\/Site\/wp-content\/uploads\/cropped-PI-3-1-300x300.jpg 300w, https:\/\/onlinerunner.de\/Site\/wp-content\/uploads\/cropped-PI-3-1-150x150.jpg 150w, https:\/\/onlinerunner.de\/Site\/wp-content\/uploads\/cropped-PI-3-1-230x230.jpg 230w, https:\/\/onlinerunner.de\/Site\/wp-content\/uploads\/cropped-PI-3-1-350x350.jpg 350w, https:\/\/onlinerunner.de\/Site\/wp-content\/uploads\/cropped-PI-3-1-480x480.jpg 480w, https:\/\/onlinerunner.de\/Site\/wp-content\/uploads\/cropped-PI-3-1-270x270.jpg 270w, https:\/\/onlinerunner.de\/Site\/wp-content\/uploads\/cropped-PI-3-1-192x192.jpg 192w, https:\/\/onlinerunner.de\/Site\/wp-content\/uploads\/cropped-PI-3-1-180x180.jpg 180w, https:\/\/onlinerunner.de\/Site\/wp-content\/uploads\/cropped-PI-3-1-32x32.jpg 32w, https:\/\/onlinerunner.de\/Site\/wp-content\/uploads\/cropped-PI-3-1.jpg 512w\" sizes=\"(max-width: 88px) 100vw, 88px\" \/> <strong>\u03c0 contra PSI <span class=\"st\">\u03c8<\/span><\/strong><\/p>\n<p>Die PI &#8211; \u03c0 distanziert sich bewusst von den Versuchen verbreiteter pseudowissenschaftlichen Parapsychologie<br \/>\n(<span class=\"st\">griech. \u03c0\u03b1\u03c1\u03b1-, para, \u201eneben\u201c und \u03c8\u03c5\u03c7\u03bf\u03bb\u03bf\u03b3\u03af\u03b1, psycholog\u00eda)<\/span>, welche bisweilen auch als Psi-Psychologie oder<br \/>\nWissenschaft zur Untersuchung von Psi-Ph\u00e4nomenen bezeichnet wird.<br \/>\nDiese Richtung besch\u00e4ftigt sich oftmals mit eine Reihe unterschiedlicher Bereiche und nutzt diesen Begriff f\u00fcr jegliche<br \/>\nGegenbenheit, bei denen\u00a0 den Personen Sachverhalte darlegen, die angeblich au\u00dferhalb normaler wissenschaftlicher<br \/>\nEkl\u00e4rungen und Kontexte zu finden seien. <span class=\"st\">Parapsychologie versucht im besten Fall mittels neuer Theorien und Modellen<br \/>\n<em>Psi<\/em>-Ph\u00e4nomene zu erkl\u00e4ren und verkn\u00fcpft dies mit bereits bekannten Theorien, die bisweile erweiter oder adaptiert werden.<\/span><\/p>\n<p><em>Obgleich die Parapsychologie sich einem \u00e4hnlichen Gegenstandbereich widmet, der den Aktivit\u00e4ten der PI nahekommt,<br \/>\nsind Erfahrungen, Instrumente etc. durchaus weit unterschiedlich.<\/em><\/p>\n<p><span class=\"st\">Bereiche, die \u00c4hnlichkeiten zwischen den Aktivit\u00e4ten der PI und der sonstigen Psi-Untersuchungen nahelegen sind:<\/span><\/p>\n<p>&nbsp;<\/p>\n<ul>\n<li><em>Divination und Prophezeiung<\/em><br \/>\nBei der Divination stehen in der Regel Aktivit\u00e4ten im Vordergrund, die Wahrsagungen und Weissagen sowie<br \/>\ndie Gestaltung und den Umgang mit Prophezeiungen in den Mittelpunkt r\u00fccken.<\/li>\n<li><em>Geistererscheinungen<\/em><br \/>\nHier handelt es sich um Aktivit\u00e4ten die das Auftauchen, zeitweises oder andauerndes Verbleiben von Geistesabdr\u00fccken<br \/>\nund dessen Verschwinden beinhalten. Solche Erscheinungen sind Aktivit\u00e4ten, die an speziell Orten auftreten.<br \/>\nBisweilen sind sie mit Kultstellen oder Transzendentallokalit\u00e4ten, wie Orten, an denen Verstorbene gelebt hatten oder mit<br \/>\nPortalpunkten, verkoppelt.<\/li>\n<li><em>Hellseherische Aktivit\u00e4ten<\/em><br \/>\nSogenanntes Hellsehen ist die \u00dcbermittlung und der Erhalt von Informationen \u00fcber Abl\u00e4ufe, Fakten oder Bedingungen an<br \/>\nanderen Orten. Hierbei spielen Entfernungen nur bedingt eine Rolle.<\/li>\n<li><em>Materilisation<\/em><br \/>\nBei den Aktivit\u00e4ten der Materilisation handelt es sich um das Erscheinen von menschlichen Gestalten, Tieren oder Gegenst\u00e4nden<br \/>\ndurch Ektoplasmatische Gestaltannaheme,<\/li>\n<li><em>Pr\u00e4kognition<\/em><br \/>\nPr\u00e4kognitionen sind Vorausahnungen oder Kenntnisse um zuk\u00fcnftige Geschehenisse, Fakten oder Bedingungen.<br \/>\nHierbei finden in der Regel keine Extrapolationen, also Ableitungen, aus der Vergangenheit oder der Gegenwart statt.<\/li>\n<li><em>Psychokinetische Aktivit\u00e4ten<\/em><br \/>\nBei der Psychokinese handelt es sich um die F\u00e4higkeit, materielle Gegenheiten oder physikalische Prozesse zu<br \/>\nbeeinflussen und umzugestalten.<\/li>\n<li><em>Schlafforschung und Schlafwandeln<\/em><br \/>\nIm Schlaf k\u00f6nnen verschiedene Einfl\u00fcsse wahrgenommen oder auch haluziniert werden. Insbesondere in Zeiten<br \/>\ndes Aufwachens sind diese Aktivit\u00e4ten auszumachen.<br \/>\nDas Schlafwandeln\/Somnambulismus (lat. <i>somnus<\/i>, \u201eSchlaf\u201c und <i>ambulare<\/i>, \u201eumherlaufen, spazieren\u201c)<br \/>\nwurde historisch als Mondsucht (<i>Lunatismus<\/i>) bezeichnet. Schlafende verlassen dabei in der Regel ohne aufzuwachen<br \/>\ndas Bett, gehen umher und gehen Aktivit\u00e4ten und T\u00e4tigkeiten nach.<\/li>\n<li><em>Spuk Aktivit\u00e4ten<\/em><br \/>\nSpuk erkl\u00e4rt sich in der Regel mit nat\u00fcrlichen Ursachen, wie Haluzinationen, Illusionen und psychologischen Effekten.<br \/>\nZudem finden sich wiederholende spontane Psychokineseeffekte, engl. \u201eRecurrent Spontaneous Psychokinesis\u201c, kurz RSPK.<\/li>\n<li><em>Telepathie<\/em><br \/>\nIm Bereich der Telepahie stehen Gedanken und Gef\u00fchls\u00fcbertragungen im Mittelpunkt.<br \/>\nDiese gilt es auf paranormalem Weg zwischen Menschen, Tieren, oder Gegenst\u00e4nden zu \u00fcbertragen,<br \/>\nwobei die \u00dcbertragung von Mensch zu Mensch den h\u00e4ufigsten Fall darstellt.<\/li>\n<li><em>Vision<\/em><br \/>\nEine Vision (lat. <i>visio<\/i> \u201eAnblick, Erscheinung\u201c) ist ein Bild oder ein Endruck sowie bisweilen ein erkennbarer Ablauf<br \/>\noder Prozess, der zu einem bestimmten Zeitpunkt Personen deutlich wird, w\u00e4hrend er anderen Personen verw\u00e4hrt bleiben kann.<\/li>\n<\/ul>\n<p>&nbsp;<\/p>\n<p>&nbsp;<\/p>\n<p>&nbsp;<\/p>\n<p><strong>Links zu Parapsychologischen Texten oder Erl\u00e4uterungen zur Parapsycholgie im Netz:<\/strong><\/p>\n<p>Weigl, Ronald: Die Parapsychologie als eine eigenst\u00e4ndige Wissenschaft:<br \/>\nEine Begriffskl\u00e4rung, Einf\u00fchrung und Darstellung der bisherigen Forschung. Universit\u00e4t Klagenfurt. 2017<br \/>\n<a href=\"http:\/\/wwwu.uni-klu.ac.at\/gsuess\/bewusstseinpsy\/RonaldWeigl.htm\">http:\/\/wwwu.uni-klu.ac.at\/gsuess\/bewusstseinpsy\/RonaldWeigl.htm<\/a><\/p>\n<p>Parapsychologische Beratungsstelle:<br \/>\n<a href=\"http:\/\/www.parapsychologische-beratungsstelle.de\/\">http:\/\/www.parapsychologische-beratungsstelle.de\/<\/a><\/p>\n<p>Parapsychologie bei Wikipedia:<br \/>\n<a href=\"https:\/\/de.wikipedia.org\/wiki\/Parapsychologie\">https:\/\/de.wikipedia.org\/wiki\/Parapsychologie<\/a><\/p>\n<p>&nbsp;<\/p>\n<p><span class=\"_Tgc\"><b>Parapsychologie <\/b>ist ein Terminus, welcher oftmals auf den Berliner Psychologen und Philosophen<br \/>\nMax Dessoir (1867-1947) zur\u00fcckgef\u00fchrt wird. Ihm wird der Vorschlag zugeschrieben<br \/>\n\u201cdie aus dem normalen Verlauf des Seelenlebens heraustretenden Erscheinungen parapsychische,<br \/>\ndie von ihnen handelnde Wissenschaft <b>Parapsychologie<\/b> zu bezeichnen.&#8220;<br \/>\nVgl. <\/span>Lexikon der Psychologie &#8211; Spektrum der Wissenschaft: Parapsychologie<br \/>\n<a href=\"http:\/\/www.spektrum.de\/lexikon\/psychologie\/parapsychologie\/11197\">www.spektrum.de\/lexikon\/psychologie\/parapsychologie\/11197<\/a><\/p>\n<p>&nbsp;<\/p>\n","protected":false},"excerpt":{"rendered":"<p>\u03c0 contra PSI \u03c8 Die PI &#8211; \u03c0 distanziert sich bewusst von den Versuchen verbreiteter pseudowissenschaftlichen Parapsychologie (griech. \u03c0\u03b1\u03c1\u03b1-, para, \u201eneben\u201c und [&hellip;]<\/p>\n","protected":false},"author":7,"featured_media":0,"parent":0,"menu_order":0,"comment_status":"closed","ping_status":"closed","template":"","meta":[],"_links":{"self":[{"href":"https:\/\/onlinerunner.de\/Site\/wp-json\/wp\/v2\/pages\/377"}],"collection":[{"href":"https:\/\/onlinerunner.de\/Site\/wp-json\/wp\/v2\/pages"}],"about":[{"href":"https:\/\/onlinerunner.de\/Site\/wp-json\/wp\/v2\/types\/page"}],"author":[{"embeddable":true,"href":"https:\/\/onlinerunner.de\/Site\/wp-json\/wp\/v2\/users\/7"}],"replies":[{"embeddable":true,"href":"https:\/\/onlinerunner.de\/Site\/wp-json\/wp\/v2\/comments?post=377"}],"version-history":[{"count":7,"href":"https:\/\/onlinerunner.de\/Site\/wp-json\/wp\/v2\/pages\/377\/revisions"}],"predecessor-version":[{"id":563,"href":"https:\/\/onlinerunner.de\/Site\/wp-json\/wp\/v2\/pages\/377\/revisions\/563"}],"wp:attachment":[{"href":"https:\/\/onlinerunner.de\/Site\/wp-json\/wp\/v2\/media?parent=377"}],"curies":[{"name":"wp","href":"https:\/\/api.w.org\/{rel}","templated":true}]}}