{"id":4,"date":"2017-10-17T14:47:24","date_gmt":"2017-10-17T12:47:24","guid":{"rendered":"http:\/\/onlinerunner.de\/Site\/?page_id=4"},"modified":"2018-06-07T08:18:52","modified_gmt":"2018-06-07T06:18:52","slug":"pi-paranormal-investigators","status":"publish","type":"page","link":"https:\/\/onlinerunner.de\/Site\/pi-paranormal-investigators\/","title":{"rendered":"Kongress"},"content":{"rendered":"<p><img loading=\"lazy\" class=\"alignnone wp-image-329\" src=\"http:\/\/onlinerunner.de\/Site\/wp-content\/uploads\/cropped-PI-3-1-300x300.jpg\" alt=\"\" width=\"88\" height=\"88\" srcset=\"https:\/\/onlinerunner.de\/Site\/wp-content\/uploads\/cropped-PI-3-1-300x300.jpg 300w, https:\/\/onlinerunner.de\/Site\/wp-content\/uploads\/cropped-PI-3-1-150x150.jpg 150w, https:\/\/onlinerunner.de\/Site\/wp-content\/uploads\/cropped-PI-3-1-230x230.jpg 230w, https:\/\/onlinerunner.de\/Site\/wp-content\/uploads\/cropped-PI-3-1-350x350.jpg 350w, https:\/\/onlinerunner.de\/Site\/wp-content\/uploads\/cropped-PI-3-1-480x480.jpg 480w, https:\/\/onlinerunner.de\/Site\/wp-content\/uploads\/cropped-PI-3-1-270x270.jpg 270w, https:\/\/onlinerunner.de\/Site\/wp-content\/uploads\/cropped-PI-3-1-192x192.jpg 192w, https:\/\/onlinerunner.de\/Site\/wp-content\/uploads\/cropped-PI-3-1-180x180.jpg 180w, https:\/\/onlinerunner.de\/Site\/wp-content\/uploads\/cropped-PI-3-1-32x32.jpg 32w, https:\/\/onlinerunner.de\/Site\/wp-content\/uploads\/cropped-PI-3-1.jpg 512w\" sizes=\"(max-width: 88px) 100vw, 88px\" \/><\/p>\n<h1 style=\"text-align: center;\">\u00a0<span class=\"st\">\u03c0<\/span> &#8211; Kongress<\/h1>\n<p style=\"text-align: center;\"><strong>Willkommen zum 23. Paranormal Kongress der PI 2018<\/strong><\/p>\n<p style=\"text-align: center;\">Gerne begr\u00fc\u00dfen wir unsere Field Agents am 09.Juni 2018 in K\u00f6ln<br \/>\nDer genaue Ort f\u00fcr den Begr\u00fc\u00dfungsvortrag und die integrierte Feldforschung mit Praxisexperten<br \/>\nwird in K\u00fcrze offiziell bekannt gegeben.<\/p>\n<h2 style=\"text-align: center;\"><strong>Zum Anmelde-Login f\u00fcr Field Agents: <\/strong><a href=\"http:\/\/onlinerunner.de\/Site\/pi-paranormal-investigators\/login\/\"><strong>Login<\/strong><\/a><\/h2>\n<p>&nbsp;<\/p>\n<p><img loading=\"lazy\" class=\"wp-image-5 aligncenter\" src=\"http:\/\/onlinerunner.de\/Site\/wp-content\/uploads\/PI-1-300x224.jpg\" alt=\"\" width=\"245\" height=\"183\" srcset=\"https:\/\/onlinerunner.de\/Site\/wp-content\/uploads\/PI-1-300x224.jpg 300w, https:\/\/onlinerunner.de\/Site\/wp-content\/uploads\/PI-1-768x572.jpg 768w, https:\/\/onlinerunner.de\/Site\/wp-content\/uploads\/PI-1-1024x763.jpg 1024w, https:\/\/onlinerunner.de\/Site\/wp-content\/uploads\/PI-1.jpg 1363w\" sizes=\"(max-width: 245px) 100vw, 245px\" \/><\/p>\n<p>&nbsp;<\/p>\n<p><img loading=\"lazy\" class=\"alignnone wp-image-370 aligncenter\" src=\"http:\/\/onlinerunner.de\/Site\/wp-content\/uploads\/PI-Kongress-Datum-1-300x224.jpg\" alt=\"\" width=\"362\" height=\"270\" srcset=\"https:\/\/onlinerunner.de\/Site\/wp-content\/uploads\/PI-Kongress-Datum-1-300x224.jpg 300w, https:\/\/onlinerunner.de\/Site\/wp-content\/uploads\/PI-Kongress-Datum-1-768x573.jpg 768w, https:\/\/onlinerunner.de\/Site\/wp-content\/uploads\/PI-Kongress-Datum-1-1024x764.jpg 1024w, https:\/\/onlinerunner.de\/Site\/wp-content\/uploads\/PI-Kongress-Datum-1-830x620.jpg 830w, https:\/\/onlinerunner.de\/Site\/wp-content\/uploads\/PI-Kongress-Datum-1-230x172.jpg 230w, https:\/\/onlinerunner.de\/Site\/wp-content\/uploads\/PI-Kongress-Datum-1-350x261.jpg 350w, https:\/\/onlinerunner.de\/Site\/wp-content\/uploads\/PI-Kongress-Datum-1-480x358.jpg 480w, https:\/\/onlinerunner.de\/Site\/wp-content\/uploads\/PI-Kongress-Datum-1.jpg 1436w\" sizes=\"(max-width: 362px) 100vw, 362px\" \/><\/p>\n<p>Field-Agents k\u00f6nnen an den Terminen der \u00d6ffentlichkeitsinformationen leider nicht teilnehmen und sind daher nur am 09. Juni 2018 auf dem Kongress vertreten, der an diesem Tag ausschlie\u00dflich f\u00fcr geladene und angemeldete Field-Agents ge\u00f6ffnet ist. Parallel findet der Er\u00f6ffnungstag f\u00fcr die \u00d6ffentichkeit unter Leitung des DGA statt.<br \/>\nBei Fragen wenden Sie sich bitte an die verantwortlichen Special Agents<br \/>\nRainer-Maria Pergenheim, Dr. Peter Albrecht und Jean-Paul Blanchard.<b><br \/>\n<\/b><\/p>\n<p>&nbsp;<\/p>\n<p>&nbsp;<\/p>\n<p style=\"text-align: center;\"><strong>Verpassen Sie im Rahmen des Kongresses nicht folgende Highlights<br \/>\n<\/strong><\/p>\n<p><strong>A) MENTALISMUS: THE MENTALIST REINER-MARIA PERGENHEIM<\/strong><\/p>\n<p>Die spektakul\u00e4re PSI &#8211; Mentalismus Pr\u00e4sentation dreier unserer<br \/>\nprominentesten SNAPIT Agents:<\/p>\n<p><b>Special Agent <\/b><b>Pergenheim<\/b><br \/>\n(Rainer-Maria Pergenheim)<\/p>\n<p><b>Special Agent Albrecht<\/b><br \/>\n(Dr. Peter Albrecht)<\/p>\n<p><b>Special Agent Blanchard<br \/>\n<\/b>(Jean-Paul Blanchard)<\/p>\n<p>&nbsp;<\/p>\n<p><strong>B) NOETIC SCIENCE: DER EXPERTE PROF. DR.\u00a0 PETER G. H.\u00a0 WILSON<\/strong><\/p>\n<p>Vortrag von <strong>Prof. Dr.\u00a0 Peter G. H.\u00a0 Wilson<\/strong><br \/>\nInstitute for Paranormal Enquiry \u2013 IPE Scotland<br \/>\n\u201cNoetic Science \u2013 Research Strategies in the field of unknown fields!&#8220;<\/p>\n<p>(Der Vortrag wird mit Hilfe des hochmodernen Universaltranslationsmechanismus in deutscher Sprache h\u00f6rbar gemacht und somit f\u00fcr jedermann verst\u00e4ndlich sein, jedoch selbstverst\u00e4ndlich muttersprachlich in Englisch gehalten um einen unverf\u00e4lschten Eindruck zu erhalten.)<\/p>\n<p>&nbsp;<\/p>\n<p>Breiten Sie sich schon jetzt vor und schauen Sie nach Informationen auf den Webseiten des<\/p>\n<p><b>Institute <\/b><b>of<\/b> <b>Noetic<\/b> <b>Sciences<\/b><b> (IONS)<br \/>\nzu deutsch: Institut f\u00fcr Noetische Wissenschaften <\/b><\/p>\n<p><a href=\"http:\/\/noetic.org\/\">http:\/\/noetic.org\/<\/a><\/p>\n<p>&nbsp;<\/p>\n<p><img loading=\"lazy\" class=\"wp-image-316 aligncenter\" src=\"http:\/\/onlinerunner.de\/Site\/wp-content\/uploads\/Noetic-300x113.jpg\" alt=\"\" width=\"515\" height=\"194\" srcset=\"https:\/\/onlinerunner.de\/Site\/wp-content\/uploads\/Noetic-300x113.jpg 300w, https:\/\/onlinerunner.de\/Site\/wp-content\/uploads\/Noetic-768x290.jpg 768w, https:\/\/onlinerunner.de\/Site\/wp-content\/uploads\/Noetic-1024x386.jpg 1024w, https:\/\/onlinerunner.de\/Site\/wp-content\/uploads\/Noetic-830x313.jpg 830w, https:\/\/onlinerunner.de\/Site\/wp-content\/uploads\/Noetic-230x87.jpg 230w, https:\/\/onlinerunner.de\/Site\/wp-content\/uploads\/Noetic-350x132.jpg 350w, https:\/\/onlinerunner.de\/Site\/wp-content\/uploads\/Noetic-480x181.jpg 480w, https:\/\/onlinerunner.de\/Site\/wp-content\/uploads\/Noetic.jpg 1228w\" sizes=\"(max-width: 515px) 100vw, 515px\" \/><\/p>\n<p>&nbsp;<\/p>\n","protected":false},"excerpt":{"rendered":"<p>\u00a0\u03c0 &#8211; Kongress Willkommen zum 23. Paranormal Kongress der PI 2018 Gerne begr\u00fc\u00dfen wir unsere Field Agents am 09.Juni 2018 in K\u00f6ln [&hellip;]<\/p>\n","protected":false},"author":7,"featured_media":0,"parent":0,"menu_order":0,"comment_status":"closed","ping_status":"closed","template":"","meta":[],"_links":{"self":[{"href":"https:\/\/onlinerunner.de\/Site\/wp-json\/wp\/v2\/pages\/4"}],"collection":[{"href":"https:\/\/onlinerunner.de\/Site\/wp-json\/wp\/v2\/pages"}],"about":[{"href":"https:\/\/onlinerunner.de\/Site\/wp-json\/wp\/v2\/types\/page"}],"author":[{"embeddable":true,"href":"https:\/\/onlinerunner.de\/Site\/wp-json\/wp\/v2\/users\/7"}],"replies":[{"embeddable":true,"href":"https:\/\/onlinerunner.de\/Site\/wp-json\/wp\/v2\/comments?post=4"}],"version-history":[{"count":20,"href":"https:\/\/onlinerunner.de\/Site\/wp-json\/wp\/v2\/pages\/4\/revisions"}],"predecessor-version":[{"id":919,"href":"https:\/\/onlinerunner.de\/Site\/wp-json\/wp\/v2\/pages\/4\/revisions\/919"}],"wp:attachment":[{"href":"https:\/\/onlinerunner.de\/Site\/wp-json\/wp\/v2\/media?parent=4"}],"curies":[{"name":"wp","href":"https:\/\/api.w.org\/{rel}","templated":true}]}}