{"id":473,"date":"2017-12-08T13:53:09","date_gmt":"2017-12-08T12:53:09","guid":{"rendered":"http:\/\/onlinerunner.de\/Site\/?page_id=473"},"modified":"2018-05-04T20:12:13","modified_gmt":"2018-05-04T18:12:13","slug":"wettbewerb","status":"publish","type":"page","link":"https:\/\/onlinerunner.de\/Site\/wettbewerb\/","title":{"rendered":"Wettbewerb"},"content":{"rendered":"<p><strong>PI-De-\/Kodierungswettbewerb<\/strong><\/p>\n<p>Hier finden Sie die Regeln zum <strong>PI-De-\/Kodierungswettbewerb 2017-18<\/strong>,<br \/>\nder unter der Schirmherrschaft von DGA Sir Walter Cummins stattfindet.<\/p>\n<p>Alle Fieldagents werden bis zur PI-Konferenz dazu aufgefordert,<br \/>\nmehrere verschl\u00fcsselte Botschaften zu entr\u00e4tseln, die hier in K\u00fcrze<br \/>\nimmer wieder ver\u00f6ffentlicht werden.<\/p>\n<p><strong><em>Genrelle Regeln:<\/em><\/strong><\/p>\n<p><em>(a) Teilnahmeberechtigt ist jeder offizielle Fieldagent der PI.<\/em><\/p>\n<p><em>(b) Von der Teilnahme ausgeschlossen sind Mitarbeiter der ALU,<\/em><br \/>\n<em> der CPRG und der GPA mit all ihren Unterabteilungen.<\/em><\/p>\n<p><em>(c) Der Agent\/in, der\/die bis zum PI-Kongress die meisten Punkte erhalten hat<\/em><br \/>\n<em> und zudem am PI-Kongress teilnimmt gewinnt.<br \/>\n<\/em><em>Der Gewinner bzw. die Gewinnerin wird im Rahmen des PI-Kongresses f\u00fcr<\/em><br \/>\n<em> seine Ent-\/Kodierungs-Verdienste geehrt.<br \/>\nEs kann auch ohne Teilnahme am PI-Kongress ger\u00e4tselt werden,<br \/>\ndann entf\u00e4llt lediglich die M\u00f6glichkeit der Ehrung auf dem PI-Kongress.<br \/>\n<\/em><\/p>\n<p>&nbsp;<\/p>\n<p><strong><em>Regeln f\u00fcr das Dezemberr\u00e4tsel:<\/em><\/strong><\/p>\n<p><em> (d) Es gilt die vorgegebenen Botschaften zu entschl\u00fcsseln.<\/em><br \/>\n<em> Die Botschaften werden nach und nach bis zum PI-Kongress 2018<\/em><br \/>\n<em> auf dieser Webseite ver\u00f6ffentlicht.<\/em><\/p>\n<p><em>(e) F\u00fcr eine richtige Dekodierung innerhalb des mit der Botschaft<\/em><br \/>\n<em> mitgeilten L\u00f6sungszeitraums, erh\u00e4lt der entsprechende Agent 10 Punkte.<\/em><br \/>\n<em> F\u00fcr eine richtige L\u00f6sung, die uns nach Ablauf des offiziellen L\u00f6sungszeitraums<\/em><br \/>\n<em> erreicht erh\u00e4lt der Agent 5 Punkte.<\/em><br \/>\n<em>Falsche Dekodierenen werden mit 0 Punkten bewertet.<\/em><\/p>\n<p><em>(f) F\u00fcr die Angabe des korrekten Namens der Ent-\/Kodierungsmethode\u00a0 erh\u00e4lt<\/em><br \/>\n<em>der Fieldagent w\u00e4hrend des L\u00f6sungszeitraums 4 Punkte und nach Ablauf des<\/em><br \/>\n<em>jeweiligen Zeitraums 2 Punkte.<\/em><br \/>\n<em>Falsche Methodenbenennungen werden mit 0 Punkten bewertet.<\/em><\/p>\n<p><em>(g) Unter Nutzung der gleichen Methode ist der nachfolgende Text korrekt,<\/em><br \/>\n<em>sprich fehlerfrei, zu kodieren. Gelingt dies w\u00e4hrend des L\u00f6sungszeitraums,<\/em><br \/>\n<em>erh\u00e4lt der Agent 3 Punkte und nach Ablauf des L\u00f6sungszeitraums 1 Punkt.<\/em><br \/>\n<em>Falsche Kodierungen werden mit 0 Punkten bewertet.<\/em><\/p>\n<p><em>\u00a0Jeweils zu kodierender Text:<\/em><br \/>\n<em> &#8222;Ich habe den Code geknackt und kann die Botschaft entziffern.&#8220;<\/em><\/p>\n<p><em>(h) Die L\u00f6sungen zu e), f<\/em><em>) und g) sind zu den jeweiligen Botschaften<\/em><br \/>\n<em>von den einzelnen Agenten unter Angabe<\/em><br \/>\n<em> Ihres Namens und Ihrer Abteilung per Mail zu senden an:<br \/>\n<\/em><br \/>\n<strong><em> PI-Wettbewerb@onlinerunner.de<\/em><\/strong><\/p>\n<p><em>Nach Ablauf des jeweiligen L\u00f6sungszeitraums kann immer noch eine L\u00f6sung bis zum Kongress erfolgen, jedoch mit geminderter, sprich halbierter Punktbewertung.<\/em><\/p>\n<p>(i) Fehlende Angaben f\u00fchren jeweils zu einem Punktabzug von 2 Punkten.<\/p>\n<p>&nbsp;<\/p>\n<p><strong>Punkte\u00fcbersicht in K\u00fcrze:<\/strong><\/p>\n<p><img loading=\"lazy\" class=\"alignnone wp-image-533\" src=\"http:\/\/onlinerunner.de\/Site\/wp-content\/uploads\/Punktevergabe-300x167.jpg\" alt=\"\" width=\"475\" height=\"264\" srcset=\"https:\/\/onlinerunner.de\/Site\/wp-content\/uploads\/Punktevergabe-300x167.jpg 300w, https:\/\/onlinerunner.de\/Site\/wp-content\/uploads\/Punktevergabe-768x428.jpg 768w, https:\/\/onlinerunner.de\/Site\/wp-content\/uploads\/Punktevergabe-1024x571.jpg 1024w, https:\/\/onlinerunner.de\/Site\/wp-content\/uploads\/Punktevergabe-830x463.jpg 830w, https:\/\/onlinerunner.de\/Site\/wp-content\/uploads\/Punktevergabe-230x128.jpg 230w, https:\/\/onlinerunner.de\/Site\/wp-content\/uploads\/Punktevergabe-350x195.jpg 350w, https:\/\/onlinerunner.de\/Site\/wp-content\/uploads\/Punktevergabe-480x268.jpg 480w, https:\/\/onlinerunner.de\/Site\/wp-content\/uploads\/Punktevergabe.jpg 1047w\" sizes=\"(max-width: 475px) 100vw, 475px\" \/><\/p>\n<p><em>Maximal halbe Punktzahl nach Ablauf des jeweiligen L\u00f6sungszeitraums.<\/em><\/p>\n<p>&nbsp;<\/p>\n<p><strong>Zu den Botschaften:<\/strong><\/p>\n<p>&#8211; <a href=\"http:\/\/onlinerunner.de\/Site\/botschaft-1\/\">Botschaft 1<\/a><\/p>\n<p>&#8211; <a href=\"http:\/\/onlinerunner.de\/Site\/botschaft-2\/\">Botschaft 2<\/a><\/p>\n<p>&#8211; <a href=\"http:\/\/onlinerunner.de\/Site\/botschaft-3\/\">Botschaft 3<\/a><\/p>\n<p>&#8211; <a href=\"http:\/\/onlinerunner.de\/Site\/botschaft-4\/\">Botschaft 4 <\/a><\/p>\n<p>&#8211; <a href=\"http:\/\/onlinerunner.de\/Site\/botschaft-5\/\">Botschaft 5<\/a><\/p>\n<p>&#8211; <a href=\"http:\/\/onlinerunner.de\/Site\/botschaft-6\/\">Botschaft 6 + Dezemberr\u00e4stel<\/a><\/p>\n<p>&nbsp;<\/p>\n<p><strong><em>Regeln f\u00fcr das Januarr\u00e4tsel:<\/em><\/strong><\/p>\n<p><em>(a) Die Antworten zu den f\u00fcnf Fragen des Januarr\u00e4tsels sind<br \/>\nvon den einzelnen Agenten unter Angabe<br \/>\nIhres Namens und Ihrer Abteilung per Mail zu senden an:<\/em><\/p>\n<p><strong> PI-Wettbewerb@onlinerunner.de<\/strong><\/p>\n<p><em>(b) F\u00fcr jede richtige Antwort innerhalb der Frist erh\u00e4lt der Teilnehmer 25 Punkte.<\/em><\/p>\n<p><em><br \/>\n(c) Nach Ablauf der Frist zur L\u00f6sung des R\u00e4tsels erhalten Agenten f\u00fcr jede richtige Antwort 15 Punkte.<br \/>\n<\/em><\/p>\n<p>&nbsp;<\/p>\n<p><strong>Zum Januarr\u00e4tsel<\/strong><\/p>\n<p><a href=\"http:\/\/onlinerunner.de\/Site\/januarraetsel\/\">Januarr\u00e4tsel<\/a><\/p>\n<p>&nbsp;<\/p>\n<p><strong><em>Regeln f\u00fcr das Februarr\u00e4tsel:<\/em><\/strong><\/p>\n<p><em>(a) Die Antworten zum Entsch\u00e4rfen der zw\u00f6lf PI-Paranormalabwehr-Bomben<br \/>\nim Februarr\u00e4tsels sind<br \/>\nvon den einzelnen Agenten unter Angabe<br \/>\nIhres Namens und Ihrer Abteilung per Mail zu senden an:<\/em><\/p>\n<p><strong> PI-Wettbewerb@onlinerunner.de<\/strong><\/p>\n<p><em>Dabei sind zu jeder PI-Paranormalabwehr-Bombe anzugeben:<\/em><\/p>\n<ul>\n<li><em>Buchstabe der PI-Paranormalabwehr-Bombe<\/em><\/li>\n<li><em>Farbe und Nummer der zu trennenden Kabel<\/em><\/li>\n<li><em>Buchstabe oder Buchstaben des bzw. der zu dr\u00fcckenden Kn\u00f6pfe<\/em><\/li>\n<\/ul>\n<p><em><br \/>\n(b) F\u00fcr jede korrekt entsch\u00e4rfte PI-Paranormalabwehr-Bombe innerhalb der Frist erh\u00e4lt der Teilnehmer 15 Punkte.<\/em><\/p>\n<p><em><br \/>\n(c) Nach Ablauf der Frist zur L\u00f6sung des R\u00e4tsels erhalten Agenten f\u00fcr jede korrekt entsch\u00e4rfte PI-Paranormalabwehr-Bombe 12 Punkte.<br \/>\n<\/em><\/p>\n<p>&nbsp;<\/p>\n<p><strong>Zum Februarr\u00e4tsel<\/strong><\/p>\n<p><a href=\"http:\/\/onlinerunner.de\/Site\/februarraetsel\/\">Februarr\u00e4stel<\/a><\/p>\n<p>&nbsp;<\/p>\n<p><strong><em>Regeln f\u00fcr das M\u00e4rzr\u00e4tsel:<\/em><\/strong><\/p>\n<p><em>(a) Die Antworten, wie die Kugeln und St\u00e4be in den R\u00e4umen angeordnet sind, sind<br \/>\nvon den einzelnen Agenten unter Angabe<br \/>\nIhres Namens und Ihrer Abteilung per Mail zu senden an:<\/em><\/p>\n<p><strong> PI-Wettbewerb@onlinerunner.de<\/strong><\/p>\n<p><em>(a) Dabei ist jeweils die genaue Lage der Kugeln und St\u00e4be im Raum anzugeben.<br \/>\nEntweder sie nummerieren dazu die Spalten mit Buchstaben von A bis J (Vageshi-Raum) bzw. von A bis O (Bumaghar-Raum) und die Zeilen jeweils von 1 bis 10 und geben pro Raum die Koordinaten z.B. A1 etc. an an denen die Kugeln oder St\u00e4be liegen\u00a0<\/em><em>oder sie schicken ein Photo, der von ihnen erstellten kompletten Raumraster. Geben Sue auch jeweils die metallische Art der dortigen Kugel bzw. des Stabes an.<br \/>\n<\/em><\/p>\n<p><em>(b) F\u00fcr jede korrekt korrekt gefundene Kugel bzw. korrekt gefundenen Stab PI-Paranormalabwehr-Bombe innerhalb der Frist erh\u00e4lt der Teilnehmer 5 Punkte.<br \/>\nF\u00fcr den komplett gel\u00f6sten Vengeshi-Raum (10&#215;10) gibt es zudem 25 Extrapunkte und f\u00fcr den komplett gel\u00f6sten Bumaghar-Raum (15&#215;10) gibt es zudem 40 Extrapunkte.<\/em><\/p>\n<p><em><br \/>\n(c) Nach Ablauf der Frist zur L\u00f6sung des R\u00e4tsels erhalten Agenten f\u00fcr jedes gefundene Metall 3 Punkte, f\u00fcr den komplett korrekten Vengeshi-Raum (10&#215;10)\u00a0 15 Extrapunkte und f\u00fcr den komplett gel\u00f6sten Bumaghar-Raum (15&#215;10) gibt es zudem 30 Extrapunkte<br \/>\n<\/em><\/p>\n<p>&nbsp;<\/p>\n<p><strong>Zum M\u00e4rz<\/strong><strong>r\u00e4tsel<\/strong><\/p>\n<p><a href=\"http:\/\/onlinerunner.de\/Site\/maerzraetsel\/\">http:\/\/onlinerunner.de\/Site\/maerzraetsel\/<\/a><\/p>\n<p>&nbsp;<\/p>\n<p>&nbsp;<\/p>\n<p><strong><em>Regeln f\u00fcr das Aprilr\u00e4tsel:<\/em><\/strong><\/p>\n<p><em>(a) Die Antworten zu den f\u00fcnf Knobelaufgaben senden Sie bitte unter Angabe<br \/>\nIhres Namens und Ihrer Abteilung per Mail an:<\/em><\/p>\n<p><strong> PI-Wettbewerb@onlinerunner.de<\/strong><\/p>\n<p><em>(b) F\u00fcr jede korrekt korrekt2 Antwort bzw. Teilantwort gibt es 18 Punkte.<br \/>\n<\/em><\/p>\n<p><em>(c) Nach Ablauf der Frist zur L\u00f6sung des R\u00e4tsels erhalten Agenten die H\u00e4lfte der Punkte f\u00fcr jedes korrekt gel\u00f6ste R\u00e4tsel<br \/>\n<\/em><\/p>\n<p><strong>Zum April<\/strong><strong>r\u00e4tsel<\/strong><\/p>\n<p><a href=\"http:\/\/onlinerunner.de\/Site\/aprilraetsel\/\">http:\/\/onlinerunner.de\/Site\/aprilraetsel\/<\/a><\/p>\n<p>&nbsp;<\/p>\n<p><strong><em>Regeln f\u00fcr das Mair\u00e4tsel:<\/em><\/strong><\/p>\n<p><em>(a) Die Antworten zu den Beiden Tresorcodes und die drei Codes in Klartext zum Tresorr\u00e4tsel sowie die L\u00f6sungen zu den beiden Knobelaufgaben senden Sie bitte unter Angabe<br \/>\nIhres Namens und Ihrer Abteilung per Mail an:<\/em><\/p>\n<p><strong> PI-Wettbewerb@onlinerunner.de<\/strong><\/p>\n<p><em>(b) F\u00fcr jeden korrekten Abphabet-Code im Tresorr\u00e4tsel gibt es 50 Punkte. F\u00fcr jede richtige Code\u00fcbersetzung der ersten beiden Codes in Klartext gibt es 18 Punkte und f\u00fcr die richtige Code\u00fcbersetzung des dritten Codes f\u00fcr den Zugang zur gef\u00e4hrlichsten und st\u00e4rksten Waffe in Klartext gibt es 50 Punkte. F\u00fcr die Zahlenreihenl\u00f6sungen in Knobelei 1 gibt es jeweils 18 Punkte und f\u00fcr die Endl\u00f6sung nochmals 20 Punkte. F\u00fcr die L\u00f6sung zu Knobelei 2 gibt es 15 Punkte f\u00fcr das richtige Wort und 15 Punkte f\u00fcr die korrekte Erl\u00e4rung des Grundes.<br \/>\n(c) Nach Ablauf der Frist zur L\u00f6sung des R\u00e4tsels erhalten Agenten die H\u00e4lfte der Punkte f\u00fcr jedes korrekt gel\u00f6ste R\u00e4tsel<br \/>\n<\/em><\/p>\n<p><strong>Zum Mair\u00e4stel<\/strong><\/p>\n<p><a href=\"http:\/\/onlinerunner.de\/Site\/mairaestel\/\">http:\/\/onlinerunner.de\/Site\/mairaestel\/<\/a><\/p>\n<p>&nbsp;<\/p>\n<p><strong>Rangliste:<\/strong><\/p>\n<p>Klicken hier auf\u00a0 <a href=\"http:\/\/onlinerunner.de\/Site\/rangliste-dekodierungswettbewerb\/\">Rangliste<\/a>, um zu sehen, wer gerade<br \/>\nim Kodierungs-\/Dekoderungswettbewerb der PI 2017-18 in F\u00fchrung liegt.<br \/>\nEs gibt eine Einzel- und eine Gruppenwertung.<\/p>\n<p>&nbsp;<\/p>\n","protected":false},"excerpt":{"rendered":"<p>PI-De-\/Kodierungswettbewerb Hier finden Sie die Regeln zum PI-De-\/Kodierungswettbewerb 2017-18, der unter der Schirmherrschaft von DGA Sir Walter Cummins stattfindet. Alle Fieldagents werden [&hellip;]<\/p>\n","protected":false},"author":7,"featured_media":0,"parent":0,"menu_order":0,"comment_status":"closed","ping_status":"closed","template":"","meta":[],"_links":{"self":[{"href":"https:\/\/onlinerunner.de\/Site\/wp-json\/wp\/v2\/pages\/473"}],"collection":[{"href":"https:\/\/onlinerunner.de\/Site\/wp-json\/wp\/v2\/pages"}],"about":[{"href":"https:\/\/onlinerunner.de\/Site\/wp-json\/wp\/v2\/types\/page"}],"author":[{"embeddable":true,"href":"https:\/\/onlinerunner.de\/Site\/wp-json\/wp\/v2\/users\/7"}],"replies":[{"embeddable":true,"href":"https:\/\/onlinerunner.de\/Site\/wp-json\/wp\/v2\/comments?post=473"}],"version-history":[{"count":37,"href":"https:\/\/onlinerunner.de\/Site\/wp-json\/wp\/v2\/pages\/473\/revisions"}],"predecessor-version":[{"id":897,"href":"https:\/\/onlinerunner.de\/Site\/wp-json\/wp\/v2\/pages\/473\/revisions\/897"}],"wp:attachment":[{"href":"https:\/\/onlinerunner.de\/Site\/wp-json\/wp\/v2\/media?parent=473"}],"curies":[{"name":"wp","href":"https:\/\/api.w.org\/{rel}","templated":true}]}}