{"id":476,"date":"2017-12-08T13:53:52","date_gmt":"2017-12-08T12:53:52","guid":{"rendered":"http:\/\/onlinerunner.de\/Site\/?page_id=476"},"modified":"2018-01-10T00:36:05","modified_gmt":"2018-01-09T23:36:05","slug":"botschaft-1","status":"publish","type":"page","link":"https:\/\/onlinerunner.de\/Site\/botschaft-1\/","title":{"rendered":"Botschaft 1"},"content":{"rendered":"<h2><strong>Botschaft 1:\u00a0\u00a0\u00a0\u00a0\u00a0\u00a0\u00a0\u00a0\u00a0\u00a0\u00a0\u00a0\u00a0\u00a0\u00a0\u00a0\u00a0\u00a0\u00a0\u00a0\u00a0\u00a0\u00a0\u00a0\u00a0\u00a0\u00a0\u00a0\u00a0\u00a0\u00a0\u00a0\u00a0\u00a0\u00a0\u00a0\u00a0\u00a0\u00a0\u00a0\u00a0<\/strong><\/h2>\n<p><strong>L\u00f6sungszeitraum: 08.12.2017 bis 23.12.2017<br \/>\n(Erg\u00e4nzender Hinweis:<br \/>\nNach Ablauf der Fristen k\u00f6nnen die Botschaften und die R\u00e4tsel immer noch gel\u00f6st werden, erhalten dann lediglich weniger Punkte f\u00fcr die Wertung)<br \/>\n<\/strong><\/p>\n<p><em>Excobox ZS Psovnkqoxdc,<\/em><\/p>\n<p><em>jeb Fyblobosdexq excobob ZS Uyxpoboxj sw Texs xkomrcdox Tkrboc,<br \/>\nlsddox gso Cso xymrwkvc, csmr kep nsocob Golcsdo exdob now<br \/>\nWoxeozexud ZS-Uyxqbocc kxjewovnox, cypobx Cso nsoc xymr<br \/>\nxsmrd qowkmrd rklox cyvvdox.<\/em><\/p>\n<p><em>Robjvsmro Qbeocco Srbo<\/em><\/p>\n<p><em>OE exn NE<\/em><\/p>\n<p>&nbsp;<\/p>\n<p>F\u00fcr die Regeln zum Dekodierungswettbewerb klicken Sie <a href=\"http:\/\/onlinerunner.de\/Site\/wettbewerb\/\">hier<\/a>.<\/p>\n","protected":false},"excerpt":{"rendered":"<p>Botschaft 1:\u00a0\u00a0\u00a0\u00a0\u00a0\u00a0\u00a0\u00a0\u00a0\u00a0\u00a0\u00a0\u00a0\u00a0\u00a0\u00a0\u00a0\u00a0\u00a0\u00a0\u00a0\u00a0\u00a0\u00a0\u00a0\u00a0\u00a0\u00a0\u00a0\u00a0\u00a0\u00a0\u00a0\u00a0\u00a0\u00a0\u00a0\u00a0\u00a0\u00a0\u00a0 L\u00f6sungszeitraum: 08.12.2017 bis 23.12.2017 (Erg\u00e4nzender Hinweis: Nach Ablauf der Fristen k\u00f6nnen die Botschaften und die R\u00e4tsel immer noch gel\u00f6st werden, [&hellip;]<\/p>\n","protected":false},"author":7,"featured_media":0,"parent":0,"menu_order":0,"comment_status":"closed","ping_status":"closed","template":"","meta":[],"_links":{"self":[{"href":"https:\/\/onlinerunner.de\/Site\/wp-json\/wp\/v2\/pages\/476"}],"collection":[{"href":"https:\/\/onlinerunner.de\/Site\/wp-json\/wp\/v2\/pages"}],"about":[{"href":"https:\/\/onlinerunner.de\/Site\/wp-json\/wp\/v2\/types\/page"}],"author":[{"embeddable":true,"href":"https:\/\/onlinerunner.de\/Site\/wp-json\/wp\/v2\/users\/7"}],"replies":[{"embeddable":true,"href":"https:\/\/onlinerunner.de\/Site\/wp-json\/wp\/v2\/comments?post=476"}],"version-history":[{"count":5,"href":"https:\/\/onlinerunner.de\/Site\/wp-json\/wp\/v2\/pages\/476\/revisions"}],"predecessor-version":[{"id":680,"href":"https:\/\/onlinerunner.de\/Site\/wp-json\/wp\/v2\/pages\/476\/revisions\/680"}],"wp:attachment":[{"href":"https:\/\/onlinerunner.de\/Site\/wp-json\/wp\/v2\/media?parent=476"}],"curies":[{"name":"wp","href":"https:\/\/api.w.org\/{rel}","templated":true}]}}