{"id":515,"date":"2017-12-09T13:18:30","date_gmt":"2017-12-09T12:18:30","guid":{"rendered":"http:\/\/onlinerunner.de\/Site\/?page_id=515"},"modified":"2017-12-26T11:01:00","modified_gmt":"2017-12-26T10:01:00","slug":"botschaft-2","status":"publish","type":"page","link":"https:\/\/onlinerunner.de\/Site\/botschaft-2\/","title":{"rendered":"Botschaft 2"},"content":{"rendered":"<h2><strong>Botschaft 2:\u00a0\u00a0\u00a0\u00a0\u00a0\u00a0\u00a0\u00a0\u00a0\u00a0\u00a0\u00a0\u00a0\u00a0\u00a0\u00a0\u00a0\u00a0\u00a0\u00a0\u00a0\u00a0\u00a0\u00a0\u00a0\u00a0\u00a0\u00a0\u00a0\u00a0\u00a0\u00a0\u00a0\u00a0\u00a0\u00a0\u00a0\u00a0\u00a0\u00a0\u00a0<\/strong><\/h2>\n<p><strong>L\u00f6sungszeitraum: 09.12.2017 bis 23.12.2017<br \/>\n(Erg\u00e4nzender Hinweis:<br \/>\nNach Ablauf der Fristen k\u00f6nnen die Botschaften und die R\u00e4tsel immer noch gel\u00f6st werden, erhalten dann lediglich weniger Punkte f\u00fcr die Wertung)<br \/>\n<\/strong><\/p>\n<p><img loading=\"lazy\" class=\"alignnone wp-image-521\" src=\"http:\/\/onlinerunner.de\/Site\/wp-content\/uploads\/Botschaft-2-jpg-300x140.jpg\" alt=\"\" width=\"578\" height=\"270\" srcset=\"https:\/\/onlinerunner.de\/Site\/wp-content\/uploads\/Botschaft-2-jpg-300x140.jpg 300w, https:\/\/onlinerunner.de\/Site\/wp-content\/uploads\/Botschaft-2-jpg-768x359.jpg 768w, https:\/\/onlinerunner.de\/Site\/wp-content\/uploads\/Botschaft-2-jpg-1024x478.jpg 1024w, https:\/\/onlinerunner.de\/Site\/wp-content\/uploads\/Botschaft-2-jpg-830x388.jpg 830w, https:\/\/onlinerunner.de\/Site\/wp-content\/uploads\/Botschaft-2-jpg-230x107.jpg 230w, https:\/\/onlinerunner.de\/Site\/wp-content\/uploads\/Botschaft-2-jpg-350x164.jpg 350w, https:\/\/onlinerunner.de\/Site\/wp-content\/uploads\/Botschaft-2-jpg-480x224.jpg 480w, https:\/\/onlinerunner.de\/Site\/wp-content\/uploads\/Botschaft-2-jpg.jpg 1036w\" sizes=\"(max-width: 578px) 100vw, 578px\" \/><\/p>\n<p>F\u00fcr die Regeln zum Dekodierungswettbewerb klicken Sie <a href=\"http:\/\/onlinerunner.de\/Site\/wettbewerb\/\">hier<\/a>.<\/p>\n","protected":false},"excerpt":{"rendered":"<p>Botschaft 2:\u00a0\u00a0\u00a0\u00a0\u00a0\u00a0\u00a0\u00a0\u00a0\u00a0\u00a0\u00a0\u00a0\u00a0\u00a0\u00a0\u00a0\u00a0\u00a0\u00a0\u00a0\u00a0\u00a0\u00a0\u00a0\u00a0\u00a0\u00a0\u00a0\u00a0\u00a0\u00a0\u00a0\u00a0\u00a0\u00a0\u00a0\u00a0\u00a0\u00a0\u00a0 L\u00f6sungszeitraum: 09.12.2017 bis 23.12.2017 (Erg\u00e4nzender Hinweis: Nach Ablauf der Fristen k\u00f6nnen die Botschaften und die R\u00e4tsel immer noch gel\u00f6st werden, [&hellip;]<\/p>\n","protected":false},"author":7,"featured_media":0,"parent":0,"menu_order":0,"comment_status":"closed","ping_status":"closed","template":"","meta":[],"_links":{"self":[{"href":"https:\/\/onlinerunner.de\/Site\/wp-json\/wp\/v2\/pages\/515"}],"collection":[{"href":"https:\/\/onlinerunner.de\/Site\/wp-json\/wp\/v2\/pages"}],"about":[{"href":"https:\/\/onlinerunner.de\/Site\/wp-json\/wp\/v2\/types\/page"}],"author":[{"embeddable":true,"href":"https:\/\/onlinerunner.de\/Site\/wp-json\/wp\/v2\/users\/7"}],"replies":[{"embeddable":true,"href":"https:\/\/onlinerunner.de\/Site\/wp-json\/wp\/v2\/comments?post=515"}],"version-history":[{"count":4,"href":"https:\/\/onlinerunner.de\/Site\/wp-json\/wp\/v2\/pages\/515\/revisions"}],"predecessor-version":[{"id":681,"href":"https:\/\/onlinerunner.de\/Site\/wp-json\/wp\/v2\/pages\/515\/revisions\/681"}],"wp:attachment":[{"href":"https:\/\/onlinerunner.de\/Site\/wp-json\/wp\/v2\/media?parent=515"}],"curies":[{"name":"wp","href":"https:\/\/api.w.org\/{rel}","templated":true}]}}