{"id":63,"date":"2017-10-17T18:38:56","date_gmt":"2017-10-17T16:38:56","guid":{"rendered":"http:\/\/onlinerunner.de\/Site\/?page_id=63"},"modified":"2017-12-09T14:46:40","modified_gmt":"2017-12-09T13:46:40","slug":"basisinformationen","status":"publish","type":"page","link":"https:\/\/onlinerunner.de\/Site\/basisinformationen\/","title":{"rendered":"Mission"},"content":{"rendered":"<p><img loading=\"lazy\" class=\"alignnone wp-image-329\" src=\"http:\/\/onlinerunner.de\/Site\/wp-content\/uploads\/cropped-PI-3-1-300x300.jpg\" alt=\"\" width=\"88\" height=\"88\" srcset=\"https:\/\/onlinerunner.de\/Site\/wp-content\/uploads\/cropped-PI-3-1-300x300.jpg 300w, https:\/\/onlinerunner.de\/Site\/wp-content\/uploads\/cropped-PI-3-1-150x150.jpg 150w, https:\/\/onlinerunner.de\/Site\/wp-content\/uploads\/cropped-PI-3-1-230x230.jpg 230w, https:\/\/onlinerunner.de\/Site\/wp-content\/uploads\/cropped-PI-3-1-350x350.jpg 350w, https:\/\/onlinerunner.de\/Site\/wp-content\/uploads\/cropped-PI-3-1-480x480.jpg 480w, https:\/\/onlinerunner.de\/Site\/wp-content\/uploads\/cropped-PI-3-1-270x270.jpg 270w, https:\/\/onlinerunner.de\/Site\/wp-content\/uploads\/cropped-PI-3-1-192x192.jpg 192w, https:\/\/onlinerunner.de\/Site\/wp-content\/uploads\/cropped-PI-3-1-180x180.jpg 180w, https:\/\/onlinerunner.de\/Site\/wp-content\/uploads\/cropped-PI-3-1-32x32.jpg 32w, https:\/\/onlinerunner.de\/Site\/wp-content\/uploads\/cropped-PI-3-1.jpg 512w\" sizes=\"(max-width: 88px) 100vw, 88px\" \/> Die PI hat eine gesellschaftliche Aufgabe f\u00fcr die gesamte Menschheit zu erf\u00fcllen, indem sie unseren Planeten vor paranormalen Bedrohungen sch\u00fctzt.<\/p>\n<p><img loading=\"lazy\" class=\" wp-image-311 aligncenter\" src=\"http:\/\/onlinerunner.de\/Site\/wp-content\/uploads\/Mission-von-PI-300x177.jpg\" alt=\"\" width=\"417\" height=\"246\" srcset=\"https:\/\/onlinerunner.de\/Site\/wp-content\/uploads\/Mission-von-PI-300x177.jpg 300w, https:\/\/onlinerunner.de\/Site\/wp-content\/uploads\/Mission-von-PI-768x453.jpg 768w, https:\/\/onlinerunner.de\/Site\/wp-content\/uploads\/Mission-von-PI-830x490.jpg 830w, https:\/\/onlinerunner.de\/Site\/wp-content\/uploads\/Mission-von-PI-230x136.jpg 230w, https:\/\/onlinerunner.de\/Site\/wp-content\/uploads\/Mission-von-PI-350x207.jpg 350w, https:\/\/onlinerunner.de\/Site\/wp-content\/uploads\/Mission-von-PI-480x283.jpg 480w, https:\/\/onlinerunner.de\/Site\/wp-content\/uploads\/Mission-von-PI.jpg 984w\" sizes=\"(max-width: 417px) 100vw, 417px\" \/><\/p>\n<p>Globale Probleme und Herausforderungen mehren sich. Nahezu w\u00f6chentlich treten unsere Kooperationspartner mit Anfragen, Suchauftr\u00e4gen und Erkundungsantr\u00e4gen zu psychosozialen F\u00e4higkeitsbestimmungen in kognitiven, kinetischen und Wahrnehmungsbereichen an uns heran.<\/p>\n<p>Ein starkes Team und hervorragendes Equipment erm\u00f6glichen es uns, auch den schwierigsten rechercheintensiven und wissenschaftlichen Fragestellungen und Herausforderungen positiv und mit Erfolg zu begegnen.<\/p>\n<p>Durch die Spezialisierung der PI in verschiedene Teams in Form von Kompetenz- und Aufgabengruppen ist es uns m\u00f6glich, zu jeder Analyse und Feldanfrage eine entsprechende schnell einsatzbereite und flexible Expertengruppe zusammenzustellen.<\/p>\n<p>An den Grenzen des Wissens und Verst\u00e4ndnisses erm\u00f6glicht es die PI durch Noetische Wissenschaft mittels abgesicherter strukturierter, systematischer Arbeitsformen und methodischem Know How praxisorientierte Probleml\u00f6sungen, Untersuchungen und Unterst\u00fctzung zu bieten.<\/p>\n<p>PI arbeitet trans- und multidisziplin\u00e4r, multimethodisch und in internationalen Kollaborationszusammenh\u00e4ngen. Ziel dieser Arbeit ist es nicht zuletzt, die Beziehungen und Merkmale unterschiedlichster Disziplinen, Verst\u00e4ndnisebenen und Ideen probleml\u00f6send um- und einzusetzen.<\/p>\n<p>Das Zusammenspiel von Erfahrung, Bewusstsein und wissenschaftlich kritischer Analyse bildet einen Grundstein der Expertise von PI.<\/p>\n<p>&nbsp;<\/p>\n","protected":false},"excerpt":{"rendered":"<p>Die PI hat eine gesellschaftliche Aufgabe f\u00fcr die gesamte Menschheit zu erf\u00fcllen, indem sie unseren Planeten vor paranormalen Bedrohungen sch\u00fctzt. Globale Probleme [&hellip;]<\/p>\n","protected":false},"author":2,"featured_media":0,"parent":0,"menu_order":0,"comment_status":"closed","ping_status":"closed","template":"","meta":[],"_links":{"self":[{"href":"https:\/\/onlinerunner.de\/Site\/wp-json\/wp\/v2\/pages\/63"}],"collection":[{"href":"https:\/\/onlinerunner.de\/Site\/wp-json\/wp\/v2\/pages"}],"about":[{"href":"https:\/\/onlinerunner.de\/Site\/wp-json\/wp\/v2\/types\/page"}],"author":[{"embeddable":true,"href":"https:\/\/onlinerunner.de\/Site\/wp-json\/wp\/v2\/users\/2"}],"replies":[{"embeddable":true,"href":"https:\/\/onlinerunner.de\/Site\/wp-json\/wp\/v2\/comments?post=63"}],"version-history":[{"count":18,"href":"https:\/\/onlinerunner.de\/Site\/wp-json\/wp\/v2\/pages\/63\/revisions"}],"predecessor-version":[{"id":556,"href":"https:\/\/onlinerunner.de\/Site\/wp-json\/wp\/v2\/pages\/63\/revisions\/556"}],"wp:attachment":[{"href":"https:\/\/onlinerunner.de\/Site\/wp-json\/wp\/v2\/media?parent=63"}],"curies":[{"name":"wp","href":"https:\/\/api.w.org\/{rel}","templated":true}]}}