{"id":642,"date":"2017-12-12T20:04:14","date_gmt":"2017-12-12T19:04:14","guid":{"rendered":"http:\/\/onlinerunner.de\/Site\/?page_id=642"},"modified":"2017-12-26T11:01:54","modified_gmt":"2017-12-26T10:01:54","slug":"botschaft-5","status":"publish","type":"page","link":"https:\/\/onlinerunner.de\/Site\/botschaft-5\/","title":{"rendered":"Botschaft 5"},"content":{"rendered":"<h2><strong>Botschaft 5:\u00a0\u00a0\u00a0\u00a0\u00a0\u00a0\u00a0\u00a0\u00a0\u00a0\u00a0\u00a0\u00a0\u00a0\u00a0\u00a0\u00a0\u00a0\u00a0\u00a0\u00a0\u00a0\u00a0\u00a0\u00a0\u00a0\u00a0\u00a0\u00a0\u00a0\u00a0\u00a0\u00a0\u00a0\u00a0\u00a0\u00a0\u00a0\u00a0\u00a0\u00a0<\/strong><\/h2>\n<p><strong>L\u00f6sungszeitraum: 12.12.2017 bis 23.12.2017<br \/>\n(Erg\u00e4nzender Hinweis:<br \/>\nNach Ablauf der Fristen k\u00f6nnen die Botschaften und die R\u00e4tsel immer noch gel\u00f6st werden, erhalten dann lediglich weniger Punkte f\u00fcr die Wertung)<\/p>\n<p><\/strong><\/p>\n<!--[if lt IE 9]><script>document.createElement('audio');<\/script><![endif]-->\n<audio class=\"wp-audio-shortcode\" id=\"audio-642-1\" preload=\"none\" style=\"width: 100%;\" controls=\"controls\"><source type=\"audio\/wav\" src=\"http:\/\/onlinerunner.de\/Site\/wp-content\/uploads\/Botschaft5.wav?_=1\" \/><a href=\"http:\/\/onlinerunner.de\/Site\/wp-content\/uploads\/Botschaft5.wav\">http:\/\/onlinerunner.de\/Site\/wp-content\/uploads\/Botschaft5.wav<\/a><\/audio>\n<p>Bei der Beantwortung reicht im Rahmen der Kodierung die Darstellung in Zeichen und nicht zwingend in Ton.<br \/>\nIhr DGA<\/p>\n<p>F\u00fcr die Regeln zum Dekodierungswettbewerb klicken Sie <a href=\"http:\/\/onlinerunner.de\/Site\/wettbewerb\/\">hier<\/a>.<\/p>\n","protected":false},"excerpt":{"rendered":"<p>Botschaft 5:\u00a0\u00a0\u00a0\u00a0\u00a0\u00a0\u00a0\u00a0\u00a0\u00a0\u00a0\u00a0\u00a0\u00a0\u00a0\u00a0\u00a0\u00a0\u00a0\u00a0\u00a0\u00a0\u00a0\u00a0\u00a0\u00a0\u00a0\u00a0\u00a0\u00a0\u00a0\u00a0\u00a0\u00a0\u00a0\u00a0\u00a0\u00a0\u00a0\u00a0\u00a0 L\u00f6sungszeitraum: 12.12.2017 bis 23.12.2017 (Erg\u00e4nzender Hinweis: Nach Ablauf der Fristen k\u00f6nnen die Botschaften und die R\u00e4tsel immer noch gel\u00f6st werden, [&hellip;]<\/p>\n","protected":false},"author":7,"featured_media":0,"parent":0,"menu_order":0,"comment_status":"closed","ping_status":"closed","template":"","meta":[],"_links":{"self":[{"href":"https:\/\/onlinerunner.de\/Site\/wp-json\/wp\/v2\/pages\/642"}],"collection":[{"href":"https:\/\/onlinerunner.de\/Site\/wp-json\/wp\/v2\/pages"}],"about":[{"href":"https:\/\/onlinerunner.de\/Site\/wp-json\/wp\/v2\/types\/page"}],"author":[{"embeddable":true,"href":"https:\/\/onlinerunner.de\/Site\/wp-json\/wp\/v2\/users\/7"}],"replies":[{"embeddable":true,"href":"https:\/\/onlinerunner.de\/Site\/wp-json\/wp\/v2\/comments?post=642"}],"version-history":[{"count":7,"href":"https:\/\/onlinerunner.de\/Site\/wp-json\/wp\/v2\/pages\/642\/revisions"}],"predecessor-version":[{"id":684,"href":"https:\/\/onlinerunner.de\/Site\/wp-json\/wp\/v2\/pages\/642\/revisions\/684"}],"wp:attachment":[{"href":"https:\/\/onlinerunner.de\/Site\/wp-json\/wp\/v2\/media?parent=642"}],"curies":[{"name":"wp","href":"https:\/\/api.w.org\/{rel}","templated":true}]}}