{"id":74,"date":"2017-10-17T19:06:12","date_gmt":"2017-10-17T17:06:12","guid":{"rendered":"http:\/\/onlinerunner.de\/Site\/?page_id=74"},"modified":"2017-12-09T15:31:49","modified_gmt":"2017-12-09T14:31:49","slug":"dga","status":"publish","type":"page","link":"https:\/\/onlinerunner.de\/Site\/dga\/","title":{"rendered":"DGA"},"content":{"rendered":"<p><strong><code><div class=\"compact_audio_player_wrapper\"><div class=\"sc_player_container1\"><input type=\"button\" id=\"btnplay_69e615ca6bef74.19458680\" class=\"myButton_play\" onClick=\"play_mp3('play','69e615ca6bef74.19458680','http:\/\/onlinerunner.de\/Site\/wp-content\/uploads\/DGA.mp3','80','false');show_hide('play','69e615ca6bef74.19458680');\" \/><input type=\"button\"  id=\"btnstop_69e615ca6bef74.19458680\" style=\"display:none\" class=\"myButton_stop\" onClick=\"play_mp3('stop','69e615ca6bef74.19458680','','80','false');show_hide('stop','69e615ca6bef74.19458680');\" \/><div id=\"sm2-container\"><!-- flash movie ends up here --><\/div><\/div><\/div><\/code><br \/>\nDGA &#8211; Director for Global Affairs<\/strong><\/p>\n<p><img loading=\"lazy\" class=\"alignnone size-full wp-image-194\" src=\"http:\/\/onlinerunner.de\/Site\/wp-content\/uploads\/DGA.jpg\" alt=\"\" width=\"297\" height=\"125\" srcset=\"https:\/\/onlinerunner.de\/Site\/wp-content\/uploads\/DGA.jpg 297w, https:\/\/onlinerunner.de\/Site\/wp-content\/uploads\/DGA-230x97.jpg 230w\" sizes=\"(max-width: 297px) 100vw, 297px\" \/><\/p>\n<p><em>Kurzbeschreibung:<\/em><br \/>\nDer DGA ist oberster Direktor der PI. Der aktuelle DGA ist seit dem Millenium 2000 Sir Walter Cummins.<br \/>\nJeder DGA erl\u00e4sst einen Wahlspruch f\u00fcr die PI, der die Gemeinschaft und das Ziel in Einklang bringt und ausdr\u00fcckt.<\/p>\n<p><em>Aktueller PI-Wahlspruch des Sir Walter Cummins seit dem Millenium:<\/em><br \/>\nLet\u00b4s normalise the paranormal!<\/p>\n<p><em>Ausrichtung:<\/em><br \/>\nDer DGA ist der leitende Direktor bzw. die leitende Direktorin der PI.<br \/>\nDamit ist er die oberste Entscheidungsinstanz und agiert auf der allerh\u00f6chsten Geheimhaltungsklassifikationsstufe<br \/>\nAAA1 und hat somit Rechte zum Zugriff auf jegliche Informationen.<\/p>\n<p><em>Aufgaben des DGA:<\/em><br \/>\n&#8211; strategische Ausrichtung der PI<br \/>\n&#8211; Entscheidungen auf h\u00f6chstem PI-AC-CON &#8211; Level und allen HUT Leveln<br \/>\n&#8211; Politische Positionierung<br \/>\n&#8211; Paranormale Eins\u00e4tze h\u00f6chster Stufe<\/p>\n","protected":false},"excerpt":{"rendered":"<p>DGA &#8211; Director for Global Affairs Kurzbeschreibung: Der DGA ist oberster Direktor der PI. Der aktuelle DGA ist seit dem Millenium 2000 [&hellip;]<\/p>\n","protected":false},"author":2,"featured_media":0,"parent":0,"menu_order":0,"comment_status":"closed","ping_status":"closed","template":"","meta":[],"_links":{"self":[{"href":"https:\/\/onlinerunner.de\/Site\/wp-json\/wp\/v2\/pages\/74"}],"collection":[{"href":"https:\/\/onlinerunner.de\/Site\/wp-json\/wp\/v2\/pages"}],"about":[{"href":"https:\/\/onlinerunner.de\/Site\/wp-json\/wp\/v2\/types\/page"}],"author":[{"embeddable":true,"href":"https:\/\/onlinerunner.de\/Site\/wp-json\/wp\/v2\/users\/2"}],"replies":[{"embeddable":true,"href":"https:\/\/onlinerunner.de\/Site\/wp-json\/wp\/v2\/comments?post=74"}],"version-history":[{"count":8,"href":"https:\/\/onlinerunner.de\/Site\/wp-json\/wp\/v2\/pages\/74\/revisions"}],"predecessor-version":[{"id":580,"href":"https:\/\/onlinerunner.de\/Site\/wp-json\/wp\/v2\/pages\/74\/revisions\/580"}],"wp:attachment":[{"href":"https:\/\/onlinerunner.de\/Site\/wp-json\/wp\/v2\/media?parent=74"}],"curies":[{"name":"wp","href":"https:\/\/api.w.org\/{rel}","templated":true}]}}