{"id":832,"date":"2018-03-11T08:46:11","date_gmt":"2018-03-11T07:46:11","guid":{"rendered":"http:\/\/onlinerunner.de\/Site\/?page_id=832"},"modified":"2018-03-13T18:33:58","modified_gmt":"2018-03-13T17:33:58","slug":"maerzraetsel","status":"publish","type":"page","link":"https:\/\/onlinerunner.de\/Site\/maerzraetsel\/","title":{"rendered":"M\u00e4rzr\u00e4tsel"},"content":{"rendered":"<p><strong>L\u00f6sungszeitraum: 10.03.2018 bis 31.03.2018<br \/>\n(Erg\u00e4nzender Hinweis:<br \/>\nNach Ablauf der Frist kann das Februarr\u00e4tsel immer noch gel\u00f6st werden.<br \/>\nMan erh\u00e4lt dann lediglich weniger Punkte f\u00fcr die Wertung)<\/strong><\/p>\n<p>Im M\u00e4rzr\u00e4tsel stehen neue Methoden der PI-Paranormalabwehr im Mittelpunkt.<\/p>\n<p>&nbsp;<\/p>\n<p>Liebe Fieldagents,<\/p>\n<p>im M\u00e4rzr\u00e4tsel unterst\u00fczten Sie die PI bei der Vengeshi und der Bumaghar Abwehr nach den neuesten Methoden und Erkenntnissen:<\/p>\n<ul>\n<li>Bei den letzten Vengeshi-Sichtungen und Bumaghar-Sichtungen in Indoneseien gelang es Agent Harvey Colquin den Raum, der zur Erscheinung ben\u00f6tigt wurde zu rastern.<br \/>\nBeim Vengeshi handelte es sich eine Erscheinungsfl\u00e4che von 10 x 10.<br \/>\nBeim Bumaghar handelte es sich eine Erscheinungsfl\u00e4che von 15 x 10.<\/li>\n<li>Zur Abwehr werden Blockdemetalle eingesetzt<\/li>\n<\/ul>\n<p>(a) Eisenkugeln: \u00a0\u00a0\u00a0\u00a0\u00a0\u00a0\u00a0\u00a0\u00a0\u00a0\u00a0 Immer nur ein Feld lang<\/p>\n<p><img loading=\"lazy\" class=\"alignnone size-full wp-image-834\" src=\"http:\/\/onlinerunner.de\/Site\/wp-content\/uploads\/Eisenkugel.jpg\" alt=\"\" width=\"84\" height=\"84\" \/><\/p>\n<p>(b) Bronzest\u00e4be: \u00a0\u00a0\u00a0\u00a0\u00a0\u00a0\u00a0\u00a0\u00a0\u00a0\u00a0 Immer zwei Felder lang<\/p>\n<p><img loading=\"lazy\" class=\"alignnone size-full wp-image-836\" src=\"http:\/\/onlinerunner.de\/Site\/wp-content\/uploads\/Bronze-Stab.jpg\" alt=\"\" width=\"157\" height=\"88\" \/><\/p>\n<p>(c) Kupferst\u00e4be: \u00a0\u00a0\u00a0\u00a0\u00a0\u00a0\u00a0\u00a0\u00a0\u00a0\u00a0 Immer drei Felder lang<\/p>\n<p><img loading=\"lazy\" class=\"alignnone size-full wp-image-837\" src=\"http:\/\/onlinerunner.de\/Site\/wp-content\/uploads\/Kupferstab.jpg\" alt=\"\" width=\"239\" height=\"90\" srcset=\"https:\/\/onlinerunner.de\/Site\/wp-content\/uploads\/Kupferstab.jpg 239w, https:\/\/onlinerunner.de\/Site\/wp-content\/uploads\/Kupferstab-230x87.jpg 230w\" sizes=\"(max-width: 239px) 100vw, 239px\" \/><\/p>\n<p>(d) Silberst\u00e4be: \u00a0\u00a0\u00a0\u00a0\u00a0\u00a0\u00a0\u00a0\u00a0\u00a0\u00a0 Immer vier Felder lang<\/p>\n<p><img loading=\"lazy\" class=\"alignnone size-medium wp-image-838\" src=\"http:\/\/onlinerunner.de\/Site\/wp-content\/uploads\/Silberstab-300x95.jpg\" alt=\"\" width=\"300\" height=\"95\" srcset=\"https:\/\/onlinerunner.de\/Site\/wp-content\/uploads\/Silberstab-300x95.jpg 300w, https:\/\/onlinerunner.de\/Site\/wp-content\/uploads\/Silberstab-230x73.jpg 230w, https:\/\/onlinerunner.de\/Site\/wp-content\/uploads\/Silberstab.jpg 312w\" sizes=\"(max-width: 300px) 100vw, 300px\" \/><\/p>\n<p>(e) Goldst\u00e4be: \u00a0\u00a0\u00a0\u00a0\u00a0\u00a0\u00a0\u00a0\u00a0\u00a0\u00a0 Immer f\u00fcnf Felder lang<\/p>\n<p><img loading=\"lazy\" class=\"alignnone size-medium wp-image-835\" src=\"http:\/\/onlinerunner.de\/Site\/wp-content\/uploads\/Goldstab-300x83.jpg\" alt=\"\" width=\"300\" height=\"83\" srcset=\"https:\/\/onlinerunner.de\/Site\/wp-content\/uploads\/Goldstab-300x83.jpg 300w, https:\/\/onlinerunner.de\/Site\/wp-content\/uploads\/Goldstab-230x64.jpg 230w, https:\/\/onlinerunner.de\/Site\/wp-content\/uploads\/Goldstab.jpg 347w\" sizes=\"(max-width: 300px) 100vw, 300px\" \/><\/p>\n<p>&nbsp;<\/p>\n<p>Agent Colquin notierte die Felder, die es mit Eisenkugeln, Bronzest\u00e4ben, Kupferst\u00e4ben und Silberst\u00e4ben zu blockieren gilt auf zwei Magnettafeln. Diese Magnettafeln befanden sich in zwei R\u00e4umer der PI-Residenz in Indonesien, auf denen er entsprechende Magneten mit entsprechenden Metallsymbolen anbrachte und zudem ausrechnete viele Felder der Zeilen und der Spalten jeweils geblockt sind. Leider kam es unmittelbar danach zu einem Erdbeben, dass Agent Colquin das Leben kostete. Zudem f\u00fchrte das Beben dazu, dass die Magnete von den Tafeln fielen. Zum Gl\u00fcck konnten die jeweiligen Magnete geborgen werden und auch die Notizen auf den Tafeln, die mit wasserfestem Stift geschrieben waren, haben wie durch ein Wunder \u00fcberlebt. Aufgrund von Resten beschriebener Zettelmit Skizzen konnten einige wenige Stellungen der Kugeln, bzw. St\u00e4be rekonstruiert werden, Allerdings ist nicht klar welche Art von Metall dort liegt. Es wurden auch einige wenige Stellen deutlich, auf denen auf keinen Fall ein Blockade-Metall liegen kann. Diese konnten mit einem Kreuz gekennzeichnet werden,<\/p>\n<ul>\n<li>Sie m\u00fcssen nun im Rahmen des M\u00e4rzr\u00e4tsels die beiden Tafeln rekonstruieren, um bei weiteren \u00dcbergriffen von Vengashi und Bumaghars vorbereitet zu sein.<\/li>\n<li>Denn dann ist es der PI m\u00f6glich k\u00fcnftige Vengeshi und Bumaghar \u2013 Erscheinungen fr\u00fchzeitig zu verhindern.<\/li>\n<li>Die Nummer am Ende jeder Zeile oder Spalte hat Agent Colquin jeweils angegeben, denn sie gibt an, wie viele Felder durch Metalle besetzt sind.<\/li>\n<li>Metallkugeln oder -st\u00e4be d\u00fcrfen sich auf keinen Fall ber\u00fchren, weder horizontal oder vertikal, noch diagonal. Jede Metallkugel bzw. jeder Metallstab ist daher vollkommen von Feldern umgeben auf denen kein anderes Metall liegt.<\/li>\n<li>Metalle k\u00f6nnen auch am Rand des Raumes liegen.<\/li>\n<\/ul>\n<p><img loading=\"lazy\" class=\"alignnone wp-image-839\" src=\"http:\/\/onlinerunner.de\/Site\/wp-content\/uploads\/Vengeshi-Raum-205x300.jpg\" alt=\"\" width=\"358\" height=\"524\" srcset=\"https:\/\/onlinerunner.de\/Site\/wp-content\/uploads\/Vengeshi-Raum-205x300.jpg 205w, https:\/\/onlinerunner.de\/Site\/wp-content\/uploads\/Vengeshi-Raum-768x1122.jpg 768w, https:\/\/onlinerunner.de\/Site\/wp-content\/uploads\/Vengeshi-Raum-701x1024.jpg 701w, https:\/\/onlinerunner.de\/Site\/wp-content\/uploads\/Vengeshi-Raum-830x1213.jpg 830w, https:\/\/onlinerunner.de\/Site\/wp-content\/uploads\/Vengeshi-Raum-230x336.jpg 230w, https:\/\/onlinerunner.de\/Site\/wp-content\/uploads\/Vengeshi-Raum-350x511.jpg 350w, https:\/\/onlinerunner.de\/Site\/wp-content\/uploads\/Vengeshi-Raum-480x701.jpg 480w, https:\/\/onlinerunner.de\/Site\/wp-content\/uploads\/Vengeshi-Raum.jpg 859w\" sizes=\"(max-width: 358px) 100vw, 358px\" \/><\/p>\n<p>&nbsp;<\/p>\n<p><img loading=\"lazy\" class=\"alignnone  wp-image-860\" src=\"http:\/\/onlinerunner.de\/Site\/wp-content\/uploads\/Bumaghar-Raum-3-252x300.jpg\" alt=\"\" width=\"428\" height=\"510\" srcset=\"https:\/\/onlinerunner.de\/Site\/wp-content\/uploads\/Bumaghar-Raum-3-252x300.jpg 252w, https:\/\/onlinerunner.de\/Site\/wp-content\/uploads\/Bumaghar-Raum-3-768x913.jpg 768w, https:\/\/onlinerunner.de\/Site\/wp-content\/uploads\/Bumaghar-Raum-3.jpg 830w, https:\/\/onlinerunner.de\/Site\/wp-content\/uploads\/Bumaghar-Raum-3-230x274.jpg 230w, https:\/\/onlinerunner.de\/Site\/wp-content\/uploads\/Bumaghar-Raum-3-350x416.jpg 350w, https:\/\/onlinerunner.de\/Site\/wp-content\/uploads\/Bumaghar-Raum-3-480x571.jpg 480w\" sizes=\"(max-width: 428px) 100vw, 428px\" \/><\/p>\n<p>&nbsp;<\/p>\n<p>Viel Erfolg!<\/p>\n<p>Rainer-Maria Pergenheim<br \/>\nSNAPIT<\/p>\n<p>&nbsp;<\/p>\n<p>F\u00fcr die Regeln im M\u00e4rzr\u00e4tsel zum Dekodierungswettbewerb klicken Sie <a href=\"http:\/\/onlinerunner.de\/Site\/wettbewerb\/\">hier<\/a>.<\/p>\n","protected":false},"excerpt":{"rendered":"<p>L\u00f6sungszeitraum: 10.03.2018 bis 31.03.2018 (Erg\u00e4nzender Hinweis: Nach Ablauf der Frist kann das Februarr\u00e4tsel immer noch gel\u00f6st werden. Man erh\u00e4lt dann lediglich weniger [&hellip;]<\/p>\n","protected":false},"author":7,"featured_media":0,"parent":0,"menu_order":0,"comment_status":"closed","ping_status":"closed","template":"","meta":[],"_links":{"self":[{"href":"https:\/\/onlinerunner.de\/Site\/wp-json\/wp\/v2\/pages\/832"}],"collection":[{"href":"https:\/\/onlinerunner.de\/Site\/wp-json\/wp\/v2\/pages"}],"about":[{"href":"https:\/\/onlinerunner.de\/Site\/wp-json\/wp\/v2\/types\/page"}],"author":[{"embeddable":true,"href":"https:\/\/onlinerunner.de\/Site\/wp-json\/wp\/v2\/users\/7"}],"replies":[{"embeddable":true,"href":"https:\/\/onlinerunner.de\/Site\/wp-json\/wp\/v2\/comments?post=832"}],"version-history":[{"count":9,"href":"https:\/\/onlinerunner.de\/Site\/wp-json\/wp\/v2\/pages\/832\/revisions"}],"predecessor-version":[{"id":861,"href":"https:\/\/onlinerunner.de\/Site\/wp-json\/wp\/v2\/pages\/832\/revisions\/861"}],"wp:attachment":[{"href":"https:\/\/onlinerunner.de\/Site\/wp-json\/wp\/v2\/media?parent=832"}],"curies":[{"name":"wp","href":"https:\/\/api.w.org\/{rel}","templated":true}]}}