{"id":866,"date":"2018-03-26T19:18:28","date_gmt":"2018-03-26T17:18:28","guid":{"rendered":"http:\/\/onlinerunner.de\/Site\/?page_id=866"},"modified":"2018-05-27T12:13:29","modified_gmt":"2018-05-27T10:13:29","slug":"aprilraetsel","status":"publish","type":"page","link":"https:\/\/onlinerunner.de\/Site\/aprilraetsel\/","title":{"rendered":"Aprilr\u00e4tsel"},"content":{"rendered":"<hr \/>\n<h2><strong>Aprilr\u00e4tsel:\u00a0\u00a0\u00a0\u00a0\u00a0\u00a0\u00a0\u00a0<\/strong><\/h2>\n<p><strong>L\u00f6sungszeitraum: 01.04.2018 bis 30.04.2018<br \/>\n(Erg\u00e4nzender Hinweis:<br \/>\nNach Ablauf der Frist kann das Aprilr\u00e4tsel immer noch gel\u00f6st werden.<br \/>\nMan erh\u00e4lt dann lediglich weniger Punkte f\u00fcr die Wertung)<\/strong><\/p>\n<p>Im Aprilr\u00e4tsel sind Knobelr\u00e4tsel zu l\u00f6sen.<\/p>\n<p>Liebe Fieldagents,<\/p>\n<p>willkommen zum Aprilr\u00e4tsel.<br \/>\nImmer wieder kommen Agents in Situationen in denen Sie sich auf ihren wachen Verstand<br \/>\nverlassen m\u00fcssen, um die Welt vor paranormalen Aktivit\u00e4ten zu sch\u00fctzen.<br \/>\nDies wollen wir auch im Rahmen unserer R\u00e4tsel trainieren.<br \/>\nDer DGA und die SNAPIT haben sich einige Knobeleien f\u00fcr Sie einfallen lassen.<br \/>\nLesen Sie die Aufgaben genau und \u00fcberlegen Sie scharf.<br \/>\nDann ist die L\u00f6sung nur einen Schritt entfernt.<br \/>\nViel Erfolg.<\/p>\n<p>Rainer-Maria Pergenheim<br \/>\n&#8211; SNAPIT &#8211;<\/p>\n<p>&nbsp;<\/p>\n<p><strong>Knobelei 1:<\/strong><\/p>\n<p>Letzte Woche wurde ein Jahrmarkt in Frankreich Opfer einer Paranormalattacke durch ein paranormales Wesen, das sich anschlie\u00dfend aus dem Staub machte. Einem unsere vertrauensw\u00fcrdigsten PI-Agenten, Agent Corage, gelang es noch das Wesen von Ferne zu sehen, wie es sich mit hoher Geschwindigkeit entfernte. Leider gelang es ihm aber nicht das Wesen zu erkennen.<\/p>\n<p>Zum Gl\u00fcck konnten wir auf dem Jahrmarkt sechs Zeugen ausmachen, deren Angaben, sich jedoch leider widersprechen.<br \/>\nUnser hellsichtbegabter Agent in Frankreich konnte feststellen, dass einer der Zeuge eine v\u00f6llig korrekte Beschreibung abgab.<br \/>\nBei den anderen Zeugen scheint jeweils nur eine Aussage korrekt zu sein. Durch einen weiteren Zwischenfall sind die Zeugen in ein Dimensionenloch gezogen worden und somit aktuell nicht mehr f\u00fcr weitere Befragungen erreichbar.<\/p>\n<p>Hier ihre Aussagen, die Agent Corage noch notieren konnte:<\/p>\n<p>Nadine Besenoir (48): &#8222;Das Wesen war blau und und \u00e4hnelte entfernt einem Mann.&#8220;<\/p>\n<p>Luc Seniac (42): &#8222;Das Wesen hat sich mit schneller Geschwindigkeit entfernt, hatte einen hellen Schein um den Kopf.&#8220;<\/p>\n<p>Veronique Clouseau (54): &#8222;Das Wesen hatte langes Fell und entfernte sich nicht sehr schnell.&#8220;<\/p>\n<p>Agent Jaques Lutrec (28): &#8222;Es war ein Mudal und er hatte einen Schatten um seinen Kopf.&#8220;<\/p>\n<p>Clodine Lefr\u00e8re (31): &#8222;Das Wesen hatte kurzes Fell und \u00e4hnelte entfernt einer Frau.&#8220;<\/p>\n<p>Agentin Monique Garout (38): &#8222;Es war ein grauer Worn.&#8220;<\/p>\n<p>Kl\u00e4ren Sie folgende Fragen:<\/p>\n<p>Was ist war f\u00fcr ein Wesen?<\/p>\n<p>Welche Farbe hat das Wesen?<\/p>\n<p>Entfernte sich das Wesen schnell oder langsam?<\/p>\n<p>Hatte das Wesen langes oder kurzes Fell?<\/p>\n<p>Hatte das Wesen einen Schatten oder einen hellen Schein um den Kopf?<\/p>\n<p>War das Wesen eher einem Mann oder einer Frau \u00e4hnlich?<\/p>\n<p>&nbsp;<\/p>\n<p><strong>Knobelei 2:<\/strong><\/p>\n<p>Sie haben sich mit Agent Wagner verkracht und um sie zu \u00e4rgern hat er ihnen einen Streich gespielt. &#8212;<\/p>\n<p>Sie hatten einen Mudal gefangen und in eine Sicherheitsmetallplombe eingesperrt und diese ins Lager geschoben. Nun hat Agent Wagner zwei leere identische Sicherheitsmetallplomben geholt und dazugestellt. An jede Plombe hat er einen Zettel geklebt.<\/p>\n<p>An Plombe 1 steht: Der Mudal ist in dieser Sicherheitsmetallplombe!<\/p>\n<p>An Plombe 2 steht: Der Mudal ist nicht in dieser Sicherheitsmetallplombe!<\/p>\n<p>An Plombe 3 steht: Der Mudal ist nicht in der ersten Sicherheitsmetallplombe!<\/p>\n<p>Lachend, rennt er an ihnen vorbei und sagt:<br \/>\nNur eine der Aussage auf den Zetteln ist wahr.<\/p>\n<p>In welcher Plombe ist der Mudal?<\/p>\n<p>&nbsp;<\/p>\n<p><strong>Knobelei 3:<\/strong><\/p>\n<p>Sie betreten als erster Agent einen dunkeln Raum, in dem Sie einen Worn vermuten.<\/p>\n<p>Sie haben ein letztes Streichholz in ihrer Streichholzschachtel.<br \/>\nSie wissen folgendes \u00fcber den Raum:<\/p>\n<ul>\n<li>Im Raum ist ein Gasofen.<\/li>\n<li>Im Raum ist eine \u00d6llampe.<\/li>\n<li>Im Raum ist eine Kerze.<\/li>\n<\/ul>\n<p>Alle drei Gegenst\u00e4nde k\u00f6nnen Sie ihrer Einsch\u00e4tzung nach gleich gut erreichen.<\/p>\n<p>Was z\u00fcnden Sie als erstes an?<\/p>\n<p>&nbsp;<\/p>\n<p><strong>Knobelei 4:<\/strong><\/p>\n<p>Sie betreten einen weiteren Raum und haben den Auftrag des DGA, dass Sie genau nach 45 Minuten eine Bombe zur Paranormalabwehr per Knopfdruck auf den Knopf A z\u00fcnden sollen.<br \/>\nLeider ist ihre Uhr kaputt gegangen und Sie haben auch nichts zum Schneiden dabei. Sie haben lediglich ein Feuerzeug, die Paranormalbombe und zwei Schn\u00fcre. Jede Schnur ist genau 87 cm lang und sie wissen, dass es von dem Moment an, an dem Sie eine Schnur in Brand setzen genau eine Stunde dauert bis diese komplett abgebrannt ist und dass die Schn\u00fcre gleichm\u00e4\u00dfig abbrennen.<br \/>\nWie messen Sie die 45 Minuten ab, um den richtigen Moment zum Ausl\u00f6sen der Bombe zu bestimmen?<\/p>\n<p>&nbsp;<\/p>\n<p><strong>Knobelei 5:<\/strong><\/p>\n<p>Ein Worn wiegt in der Regel halb so viel wie ein Bumaghar und ein Lalak ist fast immer dreimal schwerer wie der Worn. Agent Newmann konnte zum Gl\u00fcck feststellen, dass sie zusammen normalerweise 360 Kg auf die Waage bringen.<\/p>\n<p>Was wiegt jeder von Ihnen im Normalfall?<\/p>\n<p>&nbsp;<\/p>\n<p>&nbsp;<\/p>\n<p>F\u00fcr die Regeln zum Dekodierungswettbewerb klicken Sie <a href=\"http:\/\/onlinerunner.de\/Site\/wettbewerb\/\">hier<\/a>.<\/p>\n","protected":false},"excerpt":{"rendered":"<p>Aprilr\u00e4tsel:\u00a0\u00a0\u00a0\u00a0\u00a0\u00a0\u00a0\u00a0 L\u00f6sungszeitraum: 01.04.2018 bis 30.04.2018 (Erg\u00e4nzender Hinweis: Nach Ablauf der Frist kann das Aprilr\u00e4tsel immer noch gel\u00f6st werden. Man erh\u00e4lt dann lediglich [&hellip;]<\/p>\n","protected":false},"author":7,"featured_media":0,"parent":0,"menu_order":0,"comment_status":"closed","ping_status":"closed","template":"","meta":[],"_links":{"self":[{"href":"https:\/\/onlinerunner.de\/Site\/wp-json\/wp\/v2\/pages\/866"}],"collection":[{"href":"https:\/\/onlinerunner.de\/Site\/wp-json\/wp\/v2\/pages"}],"about":[{"href":"https:\/\/onlinerunner.de\/Site\/wp-json\/wp\/v2\/types\/page"}],"author":[{"embeddable":true,"href":"https:\/\/onlinerunner.de\/Site\/wp-json\/wp\/v2\/users\/7"}],"replies":[{"embeddable":true,"href":"https:\/\/onlinerunner.de\/Site\/wp-json\/wp\/v2\/comments?post=866"}],"version-history":[{"count":12,"href":"https:\/\/onlinerunner.de\/Site\/wp-json\/wp\/v2\/pages\/866\/revisions"}],"predecessor-version":[{"id":901,"href":"https:\/\/onlinerunner.de\/Site\/wp-json\/wp\/v2\/pages\/866\/revisions\/901"}],"wp:attachment":[{"href":"https:\/\/onlinerunner.de\/Site\/wp-json\/wp\/v2\/media?parent=866"}],"curies":[{"name":"wp","href":"https:\/\/api.w.org\/{rel}","templated":true}]}}