{"id":885,"date":"2018-05-04T18:52:00","date_gmt":"2018-05-04T16:52:00","guid":{"rendered":"http:\/\/onlinerunner.de\/Site\/?page_id=885"},"modified":"2018-05-04T20:15:58","modified_gmt":"2018-05-04T18:15:58","slug":"mairaestel","status":"publish","type":"page","link":"https:\/\/onlinerunner.de\/Site\/mairaestel\/","title":{"rendered":"Mair\u00e4tsel"},"content":{"rendered":"<hr \/>\n<h2><strong>Mair\u00e4tsel:\u00a0\u00a0\u00a0\u00a0\u00a0\u00a0\u00a0\u00a0<\/strong><\/h2>\n<p><strong>L\u00f6sungszeitraum: 04.05.2018 bis 31.05.2018<br \/>\n(Erg\u00e4nzender Hinweis:<br \/>\nNach Ablauf der Frist kann das Mair\u00e4tsel immer noch<br \/>\nbis einen Tag vor dem Kongess gel\u00f6st werden.<br \/>\nMan erh\u00e4lt dann lediglich weniger Punkte f\u00fcr die Wertung)<\/strong><\/p>\n<p>Das Mair\u00e4tsel ist das letzte R\u00e4tsel vor dem PI Kongress.<br \/>\nEs ist ein gro\u00dfes Tresorr\u00e4tsel mit seinen Teilen zu l\u00f6sen.<\/p>\n<p>&nbsp;<\/p>\n<p>Liebe Fieldagents,<\/p>\n<p>willkommen zum Mair\u00e4tsel.<br \/>\nDieses R\u00e4tsel ist ein Trainingsr\u00e4tsel, das der DGA vorgeschlagen hat, um<br \/>\nSie auf brenzlige Situationen im Rahmen von Eins\u00e4tzen vorzubereiten und an die<br \/>\nSonderwaffen der PI zu erinnern, die nur in extremen Ernstf\u00e4llen zum Einsatz kommen.<\/p>\n<p>Zudem haben sich der DGA und die SNAPIT noch zwei kleine Knobeleien<br \/>\nf\u00fcr Sie einfallen lassen.<\/p>\n<p>Viel Erfolg.<\/p>\n<p>Rainer-Maria Pergenheim<br \/>\n&#8211; SNAPIT &#8211;<\/p>\n<p>&nbsp;<\/p>\n<p><strong>Das gro\u00dfe Tresorr\u00e4tsel:<\/strong><\/p>\n<p>In den Kellern der PI Zentrale in Indien stehen zwei Tresore mit effektiven Waffen zur Abwehr von Gro\u00dfbedrohungen durch Paranormalphenom\u00e4ne. Diese Waffen sind so gef\u00e4hrlich, dass Sie durch einen besonderen Schutz-Code an den Tresoren gesch\u00fctzt sind. Der Code besteht jeweils aus dem den Buchstaben des Alphabets von A bis Y, dass in der korrekten Reihenfolge eingegeben werden muss, um den Tresor zu \u00f6ffnen. Der DGA verf\u00fcgt allein \u00fcber die Code-Schl\u00fcssel.<\/p>\n<p>Das Eingabefeld f\u00fcr den Code sieht jeweils wie folgt aus:<\/p>\n<p><img loading=\"lazy\" class=\"alignnone size-medium wp-image-890\" src=\"http:\/\/onlinerunner.de\/Site\/wp-content\/uploads\/Eingabefeld-f\u00fcr-Tresore-300x255.jpg\" alt=\"\" width=\"300\" height=\"255\" srcset=\"https:\/\/onlinerunner.de\/Site\/wp-content\/uploads\/Eingabefeld-f\u00fcr-Tresore-300x255.jpg 300w, https:\/\/onlinerunner.de\/Site\/wp-content\/uploads\/Eingabefeld-f\u00fcr-Tresore-230x195.jpg 230w, https:\/\/onlinerunner.de\/Site\/wp-content\/uploads\/Eingabefeld-f\u00fcr-Tresore-350x297.jpg 350w, https:\/\/onlinerunner.de\/Site\/wp-content\/uploads\/Eingabefeld-f\u00fcr-Tresore-480x408.jpg 480w, https:\/\/onlinerunner.de\/Site\/wp-content\/uploads\/Eingabefeld-f\u00fcr-Tresore.jpg 762w\" sizes=\"(max-width: 300px) 100vw, 300px\" \/><\/p>\n<p>Zu Trainingszwecken nehmen wir nun einmal an, der DGA sei durch einen riesigen Fugutamal in einem nahegelegenen Berg in eine Zwangslage geraten und hat Ihnen, als begleitendem Agent, vor seinem Eindringen in den Berg den Auftrag gegeben, die beiden Tresore zu \u00f6ffnen und die sich darin befindlichen Waffen auf den Fugutamal anzuwenden, sofern er nicht binnen einer Stunde zur\u00fcckkehre. Dazu hat er Ihnen eine Nachricht in einem Umschlag hinterlassen, die Ihnen helfen soll den jeweiligen Code zu entschl\u00fcsseln, aber so verfasst ist, dass ein Fremder den Code nicht unmittelbar zu erkennen vermag, damit die Inhalte der Tresore nicht in falsche H\u00e4nde geraten. Nachdem Sie vergeblich eine Stunde gewartet haben machen Sie sich sofort auf den Weg zur\u00fcck zur Zentrale, die sich nach 30 Minuten erreichen. Nun stehen Sie als Agent vor den beiden Tresoren und m\u00fcssen den richtigen Code einstellen. Durch tippen auf die Tasten werden jeweils die Buchstaben des Alphabets einstellbar.<\/p>\n<p>Aus Gespr\u00e4chen w\u00e4hrend des Einsatzes mit dem DGA wissen Sie folgendes:<\/p>\n<ul>\n<li>Jeder Buchstabe wird im Code eines Tresors genau einmal verwendet.<\/li>\n<li>Alphabetisch aufeinanderfolgende Buchstaben m\u00fcssen senkrecht, wagerecht oder diagonal in benachbarten Feldern liegen, also an den vorherigen Buchstaben ankn\u00fcpfen.<\/li>\n<li>Er raunte Ihnen einmal etwas zu, dass wie ein Hinweis klang:<br \/>\n&#8222;Kennen Sie den s\u00fcdlichen Park? F\u00fcr die st\u00e4rkste und gef\u00e4hrlichste Waffe muss man wissen, wie Kenny aus der Zeichentrickserie spricht. Das l\u00f6st den Code. Aber man muss halt wissen, dass immer drei zusammengeh\u00f6ren.&#8220;<\/li>\n<\/ul>\n<p><strong>In der Nachricht im Umschlag finden Sie folgende Informationen:<\/strong><\/p>\n<p>Information 1:<\/p>\n<p><img loading=\"lazy\" class=\"alignnone wp-image-891\" src=\"http:\/\/onlinerunner.de\/Site\/wp-content\/uploads\/DGA-Nachricht-Teil-1-300x113.jpg\" alt=\"\" width=\"369\" height=\"139\" srcset=\"https:\/\/onlinerunner.de\/Site\/wp-content\/uploads\/DGA-Nachricht-Teil-1-300x113.jpg 300w, https:\/\/onlinerunner.de\/Site\/wp-content\/uploads\/DGA-Nachricht-Teil-1-768x289.jpg 768w, https:\/\/onlinerunner.de\/Site\/wp-content\/uploads\/DGA-Nachricht-Teil-1-1024x385.jpg 1024w, https:\/\/onlinerunner.de\/Site\/wp-content\/uploads\/DGA-Nachricht-Teil-1-830x312.jpg 830w, https:\/\/onlinerunner.de\/Site\/wp-content\/uploads\/DGA-Nachricht-Teil-1-230x86.jpg 230w, https:\/\/onlinerunner.de\/Site\/wp-content\/uploads\/DGA-Nachricht-Teil-1-350x132.jpg 350w, https:\/\/onlinerunner.de\/Site\/wp-content\/uploads\/DGA-Nachricht-Teil-1-480x180.jpg 480w, https:\/\/onlinerunner.de\/Site\/wp-content\/uploads\/DGA-Nachricht-Teil-1.jpg 1096w\" sizes=\"(max-width: 369px) 100vw, 369px\" \/><\/p>\n<p>Information 2: Hinweis\u00a0 f\u00fcr den rechten Tresor<\/p>\n<p><img loading=\"lazy\" class=\"alignnone size-medium wp-image-892\" src=\"http:\/\/onlinerunner.de\/Site\/wp-content\/uploads\/rechter-Tresor-300x254.jpg\" alt=\"\" width=\"300\" height=\"254\" srcset=\"https:\/\/onlinerunner.de\/Site\/wp-content\/uploads\/rechter-Tresor-300x254.jpg 300w, https:\/\/onlinerunner.de\/Site\/wp-content\/uploads\/rechter-Tresor-768x649.jpg 768w, https:\/\/onlinerunner.de\/Site\/wp-content\/uploads\/rechter-Tresor-1024x865.jpg 1024w, https:\/\/onlinerunner.de\/Site\/wp-content\/uploads\/rechter-Tresor-830x701.jpg 830w, https:\/\/onlinerunner.de\/Site\/wp-content\/uploads\/rechter-Tresor-230x194.jpg 230w, https:\/\/onlinerunner.de\/Site\/wp-content\/uploads\/rechter-Tresor-350x296.jpg 350w, https:\/\/onlinerunner.de\/Site\/wp-content\/uploads\/rechter-Tresor-480x406.jpg 480w, https:\/\/onlinerunner.de\/Site\/wp-content\/uploads\/rechter-Tresor.jpg 1071w\" sizes=\"(max-width: 300px) 100vw, 300px\" \/><\/p>\n<p>Information 3: Hinweis\u00a0 f\u00fcr den linken Tresor<\/p>\n<p><img loading=\"lazy\" class=\"alignnone size-medium wp-image-893\" src=\"http:\/\/onlinerunner.de\/Site\/wp-content\/uploads\/linker-Tresor-300x251.jpg\" alt=\"\" width=\"300\" height=\"251\" srcset=\"https:\/\/onlinerunner.de\/Site\/wp-content\/uploads\/linker-Tresor-300x251.jpg 300w, https:\/\/onlinerunner.de\/Site\/wp-content\/uploads\/linker-Tresor-768x643.jpg 768w, https:\/\/onlinerunner.de\/Site\/wp-content\/uploads\/linker-Tresor-1024x857.jpg 1024w, https:\/\/onlinerunner.de\/Site\/wp-content\/uploads\/linker-Tresor-830x695.jpg 830w, https:\/\/onlinerunner.de\/Site\/wp-content\/uploads\/linker-Tresor-230x192.jpg 230w, https:\/\/onlinerunner.de\/Site\/wp-content\/uploads\/linker-Tresor-350x293.jpg 350w, https:\/\/onlinerunner.de\/Site\/wp-content\/uploads\/linker-Tresor-480x402.jpg 480w, https:\/\/onlinerunner.de\/Site\/wp-content\/uploads\/linker-Tresor.jpg 1066w\" sizes=\"(max-width: 300px) 100vw, 300px\" \/><\/p>\n<p>Geben Sie die korrekten Codes f\u00fcr die beiden Tresore ein.<\/p>\n<p>&nbsp;<\/p>\n<p>F\u00fcr jeden Tresor gibt es zudem noch einen verschl\u00fcsselten Text,<br \/>\nden Sie in ein Eingabefeld auf dem Tresor in Klartext eintippen m\u00fcssen, damit sich der Tresor \u00f6ffnet.<\/p>\n<p>&nbsp;<\/p>\n<p>Auf dem rechten Tresor steht folgender verschl\u00fcsselter Text:<\/p>\n<p>HXSFGA ELI KZIZMLINZOTVUZSIVM<\/p>\n<p>&nbsp;<\/p>\n<p>Auf dem linken Tresor steht folgender verschl\u00fcsselter Text:<\/p>\n<p>CSNABV ZGD FUDUHGDIUJOQPUNDQH<\/p>\n<p>&nbsp;<\/p>\n<p>Sofern Sie auf dem Display zwischen den beiden Tresoren noch den folgenden besonders schwierig verschl\u00fcsselten Text in Klartext eingeben, haben Sie zudem Zugang zum Sonderraum mit der st\u00e4rksten und gef\u00e4hrlichsten Waffe, den man nur durch die beiden Tresore hindurch betreten kann. Der verschl\u00fcsselte Text hierzu lautet:<\/p>\n<p>mpmmmmmppppmppfpppmpppppfpmmpppffpppmffmmfmfpfmpmpppff<\/p>\n<p>&nbsp;<\/p>\n<p><strong>Maiknobelei 1:<\/strong><\/p>\n<p>Um ein f\u00fcnfzahliges Schloss an einer Truhe im Tresor der PI in Indien zu \u00f6ffnen, in der sich ein Anti- Fugutamal-Elexier befindet haben die Personen mit der entsprechenden Befugnis drei Zahlenreihen A, B und C auf einem Zettel bekommen. Sie geh\u00f6ren zum Gl\u00fcck dazu und haben folgende Zahlenreihen:<\/p>\n<p>&nbsp;<\/p>\n<table>\n<tbody>\n<tr>\n<td width=\"47\">4<\/td>\n<td width=\"52\">16<\/td>\n<td width=\"52\">64<\/td>\n<td width=\"57\">256<\/td>\n<td width=\"63\">1024<\/td>\n<td width=\"42\"><\/td>\n<\/tr>\n<\/tbody>\n<\/table>\n<p>&nbsp;<\/p>\n<table>\n<tbody>\n<tr>\n<td width=\"53\">3<\/td>\n<td width=\"53\">6<\/td>\n<td width=\"53\">1<\/td>\n<td width=\"53\">2<\/td>\n<td width=\"53\">-3<\/td>\n<td width=\"49\"><\/td>\n<\/tr>\n<\/tbody>\n<\/table>\n<p>&nbsp;<\/p>\n<table>\n<tbody>\n<tr>\n<td width=\"55\">85<\/td>\n<td width=\"55\">13<\/td>\n<td width=\"55\">26<\/td>\n<td width=\"50\">8<\/td>\n<td width=\"55\">16<\/td>\n<td width=\"45\"><\/td>\n<\/tr>\n<\/tbody>\n<\/table>\n<p>&nbsp;<\/p>\n<p>Addiere die L\u00f6sung von A zur L\u00f6sung von B und multipliziere das Ergebnis daraus mit der L\u00f6sung von C.<br \/>\nDas Ergebnis ist der Zahlencode. Wie lauten die L\u00f6sungen der Zahlenreihen und der Code?<\/p>\n<p>&nbsp;<\/p>\n<p><strong>Maiknobelei 2:<\/strong><\/p>\n<p>Im neuen Field-Agent Einstellungstest der PI,<br \/>\nder ab diesem Jahre zum Einsatz kommen wird,<br \/>\ngilt es folgende Frage zu beantworten.<br \/>\nSchaffen das auch unsere alten Fieldagents?<\/p>\n<p>Welches der sechs folgenden Worte passt nicht zu den anderen und warum?<\/p>\n<ol>\n<li>Lage<\/li>\n<li>Tor<\/li>\n<li>Seil<\/li>\n<li>Felsen<\/li>\n<li>Nebel<\/li>\n<li>Gras<\/li>\n<\/ol>\n<p>&nbsp;<\/p>\n<p>F\u00fcr die Regeln zum Dekodierungswettbewerb klicken Sie <a href=\"http:\/\/onlinerunner.de\/Site\/wettbewerb\/\">hier<\/a>.<\/p>\n","protected":false},"excerpt":{"rendered":"<p>Mair\u00e4tsel:\u00a0\u00a0\u00a0\u00a0\u00a0\u00a0\u00a0\u00a0 L\u00f6sungszeitraum: 04.05.2018 bis 31.05.2018 (Erg\u00e4nzender Hinweis: Nach Ablauf der Frist kann das Mair\u00e4tsel immer noch bis einen Tag vor dem Kongess [&hellip;]<\/p>\n","protected":false},"author":2,"featured_media":0,"parent":0,"menu_order":0,"comment_status":"closed","ping_status":"closed","template":"","meta":[],"_links":{"self":[{"href":"https:\/\/onlinerunner.de\/Site\/wp-json\/wp\/v2\/pages\/885"}],"collection":[{"href":"https:\/\/onlinerunner.de\/Site\/wp-json\/wp\/v2\/pages"}],"about":[{"href":"https:\/\/onlinerunner.de\/Site\/wp-json\/wp\/v2\/types\/page"}],"author":[{"embeddable":true,"href":"https:\/\/onlinerunner.de\/Site\/wp-json\/wp\/v2\/users\/2"}],"replies":[{"embeddable":true,"href":"https:\/\/onlinerunner.de\/Site\/wp-json\/wp\/v2\/comments?post=885"}],"version-history":[{"count":5,"href":"https:\/\/onlinerunner.de\/Site\/wp-json\/wp\/v2\/pages\/885\/revisions"}],"predecessor-version":[{"id":898,"href":"https:\/\/onlinerunner.de\/Site\/wp-json\/wp\/v2\/pages\/885\/revisions\/898"}],"wp:attachment":[{"href":"https:\/\/onlinerunner.de\/Site\/wp-json\/wp\/v2\/media?parent=885"}],"curies":[{"name":"wp","href":"https:\/\/api.w.org\/{rel}","templated":true}]}}