{"id":920,"date":"2018-06-25T10:35:11","date_gmt":"2018-06-25T08:35:11","guid":{"rendered":"http:\/\/onlinerunner.de\/Site\/?page_id=920"},"modified":"2018-06-25T10:56:09","modified_gmt":"2018-06-25T08:56:09","slug":"datenschutz","status":"publish","type":"page","link":"https:\/\/onlinerunner.de\/Site\/datenschutz\/","title":{"rendered":"Datenschutz"},"content":{"rendered":"<p><strong>Sehr geehrte Nutzerinnen und Nutzer,<\/strong><br \/>\n<strong> liebe Freunde,<\/strong><\/p>\n<p>Ihre Daten und deren Sicherheit liegen uns sehr am Herzen.<br \/>\nWir sichern Ihre Daten und halten diese f\u00fcr Fremde und unberechtigte unzug\u00e4nglich.<\/p>\n<p>Ab dem 25. Mai 2018 gilt die EU-Datenschutz-Grundverordnung (DSGVO). Mit dieser Verordnung sind die Regeln f\u00fcr die Verarbeitung von personenbezogenen Daten EU-weit vereinheitlicht worden.<br \/>\nZiel ist dabei der Schutz Ihrer Daten innerhalb der EU. Es gilt den Schutz der Daten insgesamt sicher zu stellen und den freie Datenverkehr innerhalb der EU bei hohem Ma\u00df an Transparenz zu gew\u00e4hrleisten.<\/p>\n<p>&nbsp;<\/p>\n<p>V<strong>erarbeitete Daten \/ Kategorien verarbeiteter Daten<\/strong><\/p>\n<p>Bei den auf dieser Website erhobenen Daten handelt es sich um ihre pers\u00f6nlichen Teilnahmedaten am PI-Event.<\/p>\n<p><span id=\"Folgende_Daten_werden_mit_dem_Webformular_erhoben_und_auf_sicheren_Systemen_der_Universit.C3.A4t_Paderborn_gespeichert:\" class=\"mw-headline\">Folgende Daten werden mit dem Webformular erhoben und auf sicheren Systemen von Ingenious Knowledge gespeichert:<\/span><\/p>\n<ul>\n<li>&lt;Vorname&gt;*<\/li>\n<li>&lt;Name&gt;*<\/li>\n<li>&lt;email-Adresse&gt;*<\/li>\n<li>&lt;Einheit&gt;<br \/>\n(Bereich in dem Sie im Event spielen)<\/li>\n<li>&lt;Abrechnungskosten\u00fcbernahme durch GPA&gt;<br \/>\n(Spa\u00dfabfrage im Rahmen des Events &#8211; ohne weitere Konsequenzen)<\/li>\n<li>&lt;Fragen und Anmerkungen&gt;<br \/>\n(M\u00f6glichkeit uns mit Fragen oder Hinweisen zum Event zu kontaktieren)<\/li>\n<\/ul>\n<p>Erforderliche Datenfelder sind mit einem * markiert.<\/p>\n<h3><span id=\"Zus.C3.A4tzlich_werden_folgende_Daten_automatisiert_erfasst.\" class=\"mw-headline\">Zus\u00e4tzlich werden folgende Daten automatisiert erfasst.<\/span><\/h3>\n<ul>\n<li>&lt;Datum und Uhrzeit des Absenden des Formulars&gt;<\/li>\n<li>&lt;ggf. IP-Adresse der Nutzerin \/ des Nutzers&gt;<\/li>\n<\/ul>\n<p>Gem\u00e4\u00df \u00a715 DSGVO sind Sie jederzeit berechtigt, gegen\u00fcber der Ingenious Knowledge GmbH eine umfangreiche Auskunftserteilung zu den, zu Ihrer Person, gespeicherten Daten zu erfragen.<\/p>\n<p>Zudem k\u00f6nnen Sie gem\u00e4\u00df \u00a717 DSGVO jederzeit gegen\u00fcber der ngenious Knowledge GmbH die Berichtigung, L\u00f6schung und Sperrung einzelner personenbezogener Daten verlangen.<\/p>\n<p>&nbsp;<\/p>\n<p><strong>Zweck der Verarbeitung<br \/>\nder mit dem Formular erhobenen Daten<\/strong><\/p>\n<p>Wir speichern Ihre Daten, um auf diese Art mir Ihnen w\u00e4hrend und in Vorbereitung des Events in Kontakt bleiben zu k\u00f6nnen und Sie auf ihre Spielgruppen zu verteilen. Zudem gew\u00e4hrleisten wir damit auch eine Betreuung w\u00e4hrend des Spiels.<\/p>\n<p><strong>Rechtsgrundlage f\u00fcr die Verarbeitung<\/strong><br \/>\n(in der Regel eine Einwilligung gem\u00e4\u00df Art. 6 Abs. 1 lit. a. EU-DSGVO &#8211;<br \/>\nEU-Datenschutz-Grundverordnung))<\/p>\n<p>Mit Ihrer Eintragung der Daten haben Sie uns eine Einwilligung zur Verarbeitung der Daten gegeben. Die Verarbeitung erfolgt nur zu Spielzwecken des Events.<br \/>\nDie Erhebung der Formulardaten basiert auf einer Einwilligung der betroffenen Personen gem\u00e4\u00df Art. 6 Abs. 1 lit. a. EU-DSGVO.<\/p>\n<p>&nbsp;<\/p>\n<p><strong>Dauer der Verarbeitung<\/strong><\/p>\n<p>Ihre Daten, die wir im Rahmen Ihrer Anmeldung erheben, werden sp\u00e4testens einen Monat nach Beendigung des Events wieder gel\u00f6scht und nicht weiter von uns verarbeitet.<br \/>\nIhre Daten werden vollst\u00e4ndig gel\u00f6scht.<\/p>\n<p>&nbsp;<\/p>\n<p><strong>Ggf. Empf\u00e4nger der erhobenen Daten \/<\/strong><br \/>\n<strong>\u00dcbermittlungen von Daten in Drittstaaten<\/strong><\/p>\n<p>Die Daten verbleiben nur bei uns.<br \/>\nEs werden keine Daten an Dritte weitergegeben &#8211;<br \/>\nweder innerdeutsch noch in Drittl\u00e4nder.<br \/>\nEin Abgleich mit anderen Datenbest\u00e4nden<br \/>\noder eine Weitergabe an Dritte erfolgen nicht.<\/p>\n<p>&nbsp;<\/p>\n<p><strong>Verantwortliche\/r f\u00fcr die Verarbeitung<\/strong><\/p>\n<p>Verantwortlich f\u00fcr das Webangebot sind Marc Beutner und Rasmus Pechuel als Spielleiter.<\/p>\n<p>&nbsp;<\/p>\n<p><strong>Kontakt:<\/strong><\/p>\n<p>Marc Beutner, Wesseling &#8211; marc.beutner(at)uni-paderborn.de<br \/>\nRasmus Pechuel, K\u00f6ln &#8211; ceo(at)ingeniousknowledge.com<\/p>\n<p><strong>Ihre Rechte als Betroffene\/r:<\/strong><br \/>\nSie k\u00f6nnen als betroffene Person jederzeit die Ihnen durch die EU-DSGVO gew\u00e4hrten Rechte geltend machen. Diese Rechte werden in der allgemeinen Datenschutzerkl\u00e4rung f\u00fcr das Webangebot beschrieben.<\/p>\n<p>&nbsp;<\/p>\n<p>Wir Danken Ihnen f\u00fcr Ihr Vertrauen und freuen uns auf ein sch\u00f6nes gmeinsames Event-Spiel.<\/p>\n<p>Sollten Sie Fragen zu Ihren bei uns hinterlegten Daten haben oder w\u00fcnschen Sie die L\u00f6schung Ihrer Daten, so senden Sie uns bitte eine Email mit dem Vermerk Ihres Anliegen an:<\/p>\n<p>ceo@ingeniousknowledge.com<\/p>\n<p>Mit den besten Gr\u00fc\u00dfen<\/p>\n<p>Marc Beutner und Rasmus Pechuel<\/p>\n","protected":false},"excerpt":{"rendered":"<p>Sehr geehrte Nutzerinnen und Nutzer, liebe Freunde, Ihre Daten und deren Sicherheit liegen uns sehr am Herzen. Wir sichern Ihre Daten und [&hellip;]<\/p>\n","protected":false},"author":7,"featured_media":0,"parent":0,"menu_order":0,"comment_status":"closed","ping_status":"closed","template":"","meta":[],"_links":{"self":[{"href":"https:\/\/onlinerunner.de\/Site\/wp-json\/wp\/v2\/pages\/920"}],"collection":[{"href":"https:\/\/onlinerunner.de\/Site\/wp-json\/wp\/v2\/pages"}],"about":[{"href":"https:\/\/onlinerunner.de\/Site\/wp-json\/wp\/v2\/types\/page"}],"author":[{"embeddable":true,"href":"https:\/\/onlinerunner.de\/Site\/wp-json\/wp\/v2\/users\/7"}],"replies":[{"embeddable":true,"href":"https:\/\/onlinerunner.de\/Site\/wp-json\/wp\/v2\/comments?post=920"}],"version-history":[{"count":4,"href":"https:\/\/onlinerunner.de\/Site\/wp-json\/wp\/v2\/pages\/920\/revisions"}],"predecessor-version":[{"id":925,"href":"https:\/\/onlinerunner.de\/Site\/wp-json\/wp\/v2\/pages\/920\/revisions\/925"}],"wp:attachment":[{"href":"https:\/\/onlinerunner.de\/Site\/wp-json\/wp\/v2\/media?parent=920"}],"curies":[{"name":"wp","href":"https:\/\/api.w.org\/{rel}","templated":true}]}}